{"id":1010,"date":"2020-09-25T11:08:54","date_gmt":"2020-09-25T09:08:54","guid":{"rendered":"https:\/\/www.leg-uelzen.de\/digi\/gruppe4\/?page_id=1010"},"modified":"2023-03-10T23:01:28","modified_gmt":"2023-03-10T22:01:28","slug":"fuer-die-schuloeffentlichkeit","status":"publish","type":"page","link":"https:\/\/www.leg-uelzen.de\/?page_id=1010","title":{"rendered":"&#8230; f\u00fcr die Schul\u00f6ffentlichkeit"},"content":{"rendered":"\t\t<div data-elementor-type=\"wp-page\" data-elementor-id=\"1010\" class=\"elementor elementor-1010\">\n\t\t\t\t\t\t<section class=\"elementor-section elementor-top-section elementor-element elementor-element-9b47973 elementor-section-boxed elementor-section-height-default elementor-section-height-default\" data-id=\"9b47973\" data-element_type=\"section\" data-e-type=\"section\">\n\t\t\t\t\t\t<div class=\"elementor-container elementor-column-gap-default\">\n\t\t\t\t\t<div class=\"elementor-column elementor-col-100 elementor-top-column elementor-element elementor-element-cbae8dd\" data-id=\"cbae8dd\" data-element_type=\"column\" data-e-type=\"column\">\n\t\t\t<div class=\"elementor-widget-wrap elementor-element-populated\">\n\t\t\t\t\t\t<div class=\"elementor-element elementor-element-adc2ec8 elementor-widget elementor-widget-text-editor\" data-id=\"adc2ec8\" data-element_type=\"widget\" data-e-type=\"widget\" data-widget_type=\"text-editor.default\">\n\t\t\t\t<div class=\"elementor-widget-container\">\n\t\t\t\t\t\t\t\t\t<p>Liebe Eltern, Erziehungsbeauftragte und Sch\u00fcler*innen,<\/p><p>auf dieser Seite finden Sie zun\u00e4chst in den ersten beiden Teilen des &#8222;Akkordeons&#8220; allgemeine Information zu den Grundlagen und Verantwortlichen in Bezug auf den Datenschutz sowie die Grunds\u00e4tze der Verarbeitung personenbezogener Daten am Lessing-Gymnasium.<\/p><p>Im dritten Teil des &#8222;Akkordeons&#8220; wird konkret dargelegt, welche Daten von wem zu welchem Zweck wo am Lessing-Gymnasium verarbeitet werden.<\/p>\t\t\t\t\t\t\t\t<\/div>\n\t\t\t\t<\/div>\n\t\t\t\t<div class=\"elementor-element elementor-element-a3b20de elementor-widget elementor-widget-accordion\" data-id=\"a3b20de\" data-element_type=\"widget\" data-e-type=\"widget\" data-widget_type=\"accordion.default\">\n\t\t\t\t<div class=\"elementor-widget-container\">\n\t\t\t\t\t\t\t<div class=\"elementor-accordion\">\n\t\t\t\t\t\t\t<div class=\"elementor-accordion-item\">\n\t\t\t\t\t<div id=\"elementor-tab-title-1711\" class=\"elementor-tab-title\" data-tab=\"1\" role=\"button\" aria-controls=\"elementor-tab-content-1711\" aria-expanded=\"false\">\n\t\t\t\t\t\t\t\t\t\t\t\t\t<span class=\"elementor-accordion-icon elementor-accordion-icon-left\" aria-hidden=\"true\">\n\t\t\t\t\t\t\t\t\t\t\t\t\t\t\t<span class=\"elementor-accordion-icon-closed\"><i class=\"fas fa-plus\"><\/i><\/span>\n\t\t\t\t\t\t\t\t<span class=\"elementor-accordion-icon-opened\"><i class=\"fas fa-minus\"><\/i><\/span>\n\t\t\t\t\t\t\t\t\t\t\t\t\t\t<\/span>\n\t\t\t\t\t\t\t\t\t\t\t\t<a class=\"elementor-accordion-title\" tabindex=\"0\">Grundlagen und Verantwortliche<\/a>\n\t\t\t\t\t<\/div>\n\t\t\t\t\t<div id=\"elementor-tab-content-1711\" class=\"elementor-tab-content elementor-clearfix\" data-tab=\"1\" role=\"region\" aria-labelledby=\"elementor-tab-title-1711\"><p style=\"caret-color: #000000; color: #000000;\"><span style=\"color: #808080;\">Angesichts der zunehmenden Digitalisierung an Schulen kommt dem Datenschutz eine besondere Rolle zu.<\/span><\/p><p style=\"caret-color: #000000; color: #000000;\"><span style=\"color: #808080;\">Sch\u00fcler, Lehrer, Verwaltungsangestellte und auch die Eltern haben ein Recht auf den Schutz vor Beeintr\u00e4chtigungen ihrer Privatsph\u00e4re durch unbefugte Erhebung, Speicherung, Verwendung und Weitergabe von Daten, die ihre Person betreffen (z.B. Name, Anschrift, Geburtsdatum, Konfession, Schulnoten, Rufnummer, Bef\u00f6rderung, &#8230;).<\/span><\/p><p style=\"caret-color: #000000; color: #000000;\"><span style=\"color: #808080;\">Seit dem 25. Mai 2018 gilt die europ\u00e4ische Datenschutzgrundverordnung (DS-GVO) in s\u00e4mtlichen Mitgliedsstaaten der EU. Das nieders\u00e4chsische Datenschutzgesetz vom 16. Mai 2018 enth\u00e4lt lediglich erg\u00e4nzende Regeln.<\/span><\/p><p style=\"caret-color: #000000; color: #000000;\"><span style=\"color: #808080;\">Verantwortlich f\u00fcr den Datenschutz an Schulen ist die Schulleitung. F\u00fcr die \u00dcberwachung der Einhaltung der Anwendung der DS-GVO ist die Landesbeauftragte f\u00fcr den Datenschutz Niedersachsen zust\u00e4ndig.<\/span><br \/><span style=\"color: #808080;\">Der beh\u00f6rdliche Datenschutzbeauftragte an der Schule hat beratende Funktion und \u00fcberwacht die Einhaltung der datenschutzrechtlichen Vorschriften an der Schule.<\/span><\/p><p style=\"caret-color: #000000; color: #000000;\"><span style=\"color: #808080;\">Kontaktadressen:<\/span><\/p><ul style=\"caret-color: #000000; color: #000000;\"><li><span style=\"color: #808080;\"><span style=\"font-size: 1rem;\">der Schulleiter:<\/span>\u00a0<a style=\"color: #808080;\" href=\"mailto:Daniel.Fleischer@leg-uelzen.de\" target=\"_blank\" rel=\"noopener\">Daniel.Fleischer@leg-uelzen.de<\/a><\/span><\/li><li><span style=\"color: #808080;\">der beh\u00f6rdliche Datenschutzbeauftragte am LeG:\u00a0<a style=\"font-size: 1rem; color: #808080;\" href=\"mailto:Datenschutz@leg-uelzen.de\">Datenschutz@leg-uelzen.de<\/a><span style=\"font-size: 1rem;\">\u00a0(Klaus Burger)<\/span><\/span><\/li><li><span style=\"color: #808080;\">die Landesbeauftragte f\u00fcr den Datenschutz Niedersachsen:<\/span><\/li><\/ul><p style=\"caret-color: #000000; color: #000000; padding-left: 80px;\"><span style=\"color: #808080;\"><span style=\"font-size: 1rem;\">Barbara Thiel<br \/><\/span><span style=\"font-size: 1rem;\">Die Landesbeauftragte f\u00fcr den Datenschutz Niedersachsen<br \/><\/span><span style=\"font-size: 1rem;\">Prinzenstra\u00dfe<br \/><\/span><span style=\"font-size: 1rem;\">301159 Hannover<br \/><\/span><span style=\"font-size: 1rem;\">Telefon: 0511-120 4500<br \/><\/span><span style=\"font-size: 1rem;\">Fax: 0511-120 4599<br \/><span style=\"font-size: 1rem;\"><a style=\"color: #808080;\" href=\"mailto:poststelle@lfd.niedersachsen.de\">poststelle@lfd.niedersachsen.de<\/a><br \/><\/span><\/span><span style=\"font-size: 1rem;\"><span style=\"font-size: 1rem;\">E-Mail an\u00a0<\/span><a style=\"font-size: 1rem; color: #808080;\" href=\"mailto:poststelle@lfd.niedersachsen.de\">Ansprechpartner<\/a><span style=\"font-size: 1rem;\">\u00a0schreiben<\/span><\/span><\/span><\/p><\/div>\n\t\t\t\t<\/div>\n\t\t\t\t\t\t\t<div class=\"elementor-accordion-item\">\n\t\t\t\t\t<div id=\"elementor-tab-title-1712\" class=\"elementor-tab-title\" data-tab=\"2\" role=\"button\" aria-controls=\"elementor-tab-content-1712\" aria-expanded=\"false\">\n\t\t\t\t\t\t\t\t\t\t\t\t\t<span class=\"elementor-accordion-icon elementor-accordion-icon-left\" aria-hidden=\"true\">\n\t\t\t\t\t\t\t\t\t\t\t\t\t\t\t<span class=\"elementor-accordion-icon-closed\"><i class=\"fas fa-plus\"><\/i><\/span>\n\t\t\t\t\t\t\t\t<span class=\"elementor-accordion-icon-opened\"><i class=\"fas fa-minus\"><\/i><\/span>\n\t\t\t\t\t\t\t\t\t\t\t\t\t\t<\/span>\n\t\t\t\t\t\t\t\t\t\t\t\t<a class=\"elementor-accordion-title\" tabindex=\"0\">Grunds\u00e4tze bei der Verarbeitung personenbezogener Daten<\/a>\n\t\t\t\t\t<\/div>\n\t\t\t\t\t<div id=\"elementor-tab-content-1712\" class=\"elementor-tab-content elementor-clearfix\" data-tab=\"2\" role=\"region\" aria-labelledby=\"elementor-tab-title-1712\"><p>Die Verarbeitung personenbezogener Daten am LeG richtet sich nach den folgenden Prinzipien:<\/p><ol><li>Rechtm\u00e4\u00dfigkeit<br \/>Bevor personenbezogene Daten erhoben werden, muss gepr\u00fcft werden, ob es daf\u00fcr explizit eine gesetzlich geregelte Grundlage gibt. Wenn nicht, muss der Betroffene bzw. bei Minderj\u00e4hrigkeit der Erziehungsberechtigte schriftlich in die Verarbeitung einwilligen, bevor seine Daten verarbeitet werden k\u00f6nnen. Die Einwilligung erfolgt fallbezogen, ist freiwillig und kann jederzeit schriftlich widerrufen werden. <br \/>Der Betroffene muss \u00fcber seine Rechte informiert werden. <br \/>Die Kontaktdaten des Verantwortlichen und des Datenschutzbeauftragten m\u00fcssen bekannt gegeben werden.<\/li><li>Transparenz<\/li><\/ol><p>Die Verarbeitung der Daten muss f\u00fcr Betroffene nachvollziehbar sein. Ggf. m\u00fcssen sie \u00fcber die Empf\u00e4nger personenbezogener Daten informiert werden.<\/p><ol start=\"3\"><li>Zweckbindung<\/li><\/ol><p>Personenbezogene Daten d\u00fcrfen nur zu einem vorher definierten eindeutigen und legitimen Zweck erhoben werden.<\/p><ol start=\"4\"><li>Erforderlichkeit<\/li><\/ol><p>Es d\u00fcrfen nur Daten erhoben werden, die ben\u00f6tigt werden, um den legitimen Zweck zu erf\u00fcllen.<\/p><ol start=\"5\"><li>Datenminimierung<\/li><\/ol><p>Die Datenverarbeitung muss auf das erforderliche Ma\u00df beschr\u00e4nkt werden.<\/p><ol start=\"6\"><li>Richtigkeit<\/li><\/ol><p>Die Daten m\u00fcssen sachlich richtig und aktuell sein.<\/p><ol start=\"7\"><li>Speicherbegrenzung<\/li><\/ol><p>Die Speicherung muss so erfolgen, dass eine L\u00f6schung innerhalb der vorgegebenen Fristen m\u00f6glich ist. Die betroffene Person muss \u00fcber die L\u00f6schfristen informiert werden.<\/p><ol start=\"8\"><li>Integrit\u00e4t und Vertraulichkeit<\/li><\/ol><p>Es m\u00fcssen technische und organisatorische Ma\u00dfnahmen getroffen werden, um die Daten zu sch\u00fctzen.<\/p><\/div>\n\t\t\t\t<\/div>\n\t\t\t\t\t\t\t<div class=\"elementor-accordion-item\">\n\t\t\t\t\t<div id=\"elementor-tab-title-1713\" class=\"elementor-tab-title\" data-tab=\"3\" role=\"button\" aria-controls=\"elementor-tab-content-1713\" aria-expanded=\"false\">\n\t\t\t\t\t\t\t\t\t\t\t\t\t<span class=\"elementor-accordion-icon elementor-accordion-icon-left\" aria-hidden=\"true\">\n\t\t\t\t\t\t\t\t\t\t\t\t\t\t\t<span class=\"elementor-accordion-icon-closed\"><i class=\"fas fa-plus\"><\/i><\/span>\n\t\t\t\t\t\t\t\t<span class=\"elementor-accordion-icon-opened\"><i class=\"fas fa-minus\"><\/i><\/span>\n\t\t\t\t\t\t\t\t\t\t\t\t\t\t<\/span>\n\t\t\t\t\t\t\t\t\t\t\t\t<a class=\"elementor-accordion-title\" tabindex=\"0\">Informationen zur Verarbeitung personenbezogener Daten am LeG<\/a>\n\t\t\t\t\t<\/div>\n\t\t\t\t\t<div id=\"elementor-tab-content-1713\" class=\"elementor-tab-content elementor-clearfix\" data-tab=\"3\" role=\"region\" aria-labelledby=\"elementor-tab-title-1713\"><p>Liebe Eltern, Erziehungsbeauftragte und Sch\u00fcler*innen,<\/p><p>hier finden Sie detailliert konkrete Information zur Verarbeitung von personenbezogenen Daten am Lessing-Gymnasium und zu den Aufbewahrung- und L\u00f6schfristen laut Erlass.<\/p><ul><li><span style=\"text-decoration: underline;\"><a style=\"font-size: 1rem;\" href=\"https:\/\/www.leg-uelzen.de\/wp-content\/uploads\/2023\/01\/S-I-Info_Datenschutz_Text-v1_1-12_22.pdf\" target=\"_blank\" rel=\"noopener\">Informationen zur Verarbeitung von personenbezogenen Daten am Lessing-Gymnasium<\/a><\/span><\/li><li><span style=\"text-decoration: underline;\"><a href=\"https:\/\/www.leg-uelzen.de\/wp-content\/uploads\/2023\/01\/S-I-Info_Datenschutz_Tabelle-v1-12_22.pdf\" target=\"_blank\" rel=\"noopener\">tabellarische \u00dcbersicht zur Verarbeitung personenbezogener Daten am Lessing-Gymnasium<\/a><\/span><\/li><li><span style=\"text-decoration: underline;\"><a href=\"https:\/\/www.leg-uelzen.de\/wp-content\/uploads\/2023\/01\/S-I-Info_Datenschutz_Loeschneu-v1-12_22.pdf\" target=\"_blank\" rel=\"noopener\">Aufbewahrung- und L\u00f6schfristen<\/a><\/span><\/li><\/ul><\/div>\n\t\t\t\t<\/div>\n\t\t\t\t\t\t\t\t<\/div>\n\t\t\t\t\t\t<\/div>\n\t\t\t\t<\/div>\n\t\t\t\t\t<\/div>\n\t\t<\/div>\n\t\t\t\t\t<\/div>\n\t\t<\/section>\n\t\t\t\t<section class=\"elementor-section elementor-top-section elementor-element elementor-element-8fada07 elementor-section-boxed elementor-section-height-default elementor-section-height-default\" data-id=\"8fada07\" data-element_type=\"section\" data-e-type=\"section\">\n\t\t\t\t\t\t<div class=\"elementor-container elementor-column-gap-default\">\n\t\t\t\t\t<div class=\"elementor-column elementor-col-100 elementor-top-column elementor-element elementor-element-996d49a\" data-id=\"996d49a\" data-element_type=\"column\" data-e-type=\"column\">\n\t\t\t<div class=\"elementor-widget-wrap\">\n\t\t\t\t\t\t\t<\/div>\n\t\t<\/div>\n\t\t\t\t\t<\/div>\n\t\t<\/section>\n\t\t\t\t<\/div>\n\t\t","protected":false},"excerpt":{"rendered":"<p>Liebe Eltern, Erziehungsbeauftragte und Sch\u00fcler*innen, auf dieser Seite finden Sie zun\u00e4chst in den ersten beiden Teilen des &#8222;Akkordeons&#8220; allgemeine Information zu den Grundlagen und Verantwortlichen in Bezug auf den Datenschutz&hellip;<\/p>\n","protected":false},"author":11,"featured_media":0,"parent":996,"menu_order":1,"comment_status":"closed","ping_status":"closed","template":"","meta":{"footnotes":""},"class_list":["post-1010","page","type-page","status-publish","hentry"],"_links":{"self":[{"href":"https:\/\/www.leg-uelzen.de\/index.php?rest_route=\/wp\/v2\/pages\/1010","targetHints":{"allow":["GET"]}}],"collection":[{"href":"https:\/\/www.leg-uelzen.de\/index.php?rest_route=\/wp\/v2\/pages"}],"about":[{"href":"https:\/\/www.leg-uelzen.de\/index.php?rest_route=\/wp\/v2\/types\/page"}],"author":[{"embeddable":true,"href":"https:\/\/www.leg-uelzen.de\/index.php?rest_route=\/wp\/v2\/users\/11"}],"replies":[{"embeddable":true,"href":"https:\/\/www.leg-uelzen.de\/index.php?rest_route=%2Fwp%2Fv2%2Fcomments&post=1010"}],"version-history":[{"count":59,"href":"https:\/\/www.leg-uelzen.de\/index.php?rest_route=\/wp\/v2\/pages\/1010\/revisions"}],"predecessor-version":[{"id":4710,"href":"https:\/\/www.leg-uelzen.de\/index.php?rest_route=\/wp\/v2\/pages\/1010\/revisions\/4710"}],"up":[{"embeddable":true,"href":"https:\/\/www.leg-uelzen.de\/index.php?rest_route=\/wp\/v2\/pages\/996"}],"wp:attachment":[{"href":"https:\/\/www.leg-uelzen.de\/index.php?rest_route=%2Fwp%2Fv2%2Fmedia&parent=1010"}],"curies":[{"name":"wp","href":"https:\/\/api.w.org\/{rel}","templated":true}]}}