{"id":1016,"date":"2023-08-16T19:50:47","date_gmt":"2023-08-16T17:50:47","guid":{"rendered":"https:\/\/www.leg-uelzen.de\/digi\/gruppe4\/?page_id=1016"},"modified":"2023-08-16T19:52:12","modified_gmt":"2023-08-16T17:52:12","slug":"fuer-schuelerinnen-3","status":"publish","type":"page","link":"https:\/\/www.leg-uelzen.de\/?page_id=1016","title":{"rendered":"&#8230; f\u00fcr Erziehungsberechtigte und Sch\u00fcler:innen"},"content":{"rendered":"\t\t<div data-elementor-type=\"wp-page\" data-elementor-id=\"1016\" class=\"elementor elementor-1016\">\n\t\t\t\t\t\t<section class=\"elementor-section elementor-top-section elementor-element elementor-element-2dd1146 elementor-section-boxed elementor-section-height-default elementor-section-height-default\" data-id=\"2dd1146\" data-element_type=\"section\" data-e-type=\"section\">\n\t\t\t\t\t\t<div class=\"elementor-container elementor-column-gap-default\">\n\t\t\t\t\t<div class=\"elementor-column elementor-col-100 elementor-top-column elementor-element elementor-element-7df698e\" data-id=\"7df698e\" data-element_type=\"column\" data-e-type=\"column\">\n\t\t\t<div class=\"elementor-widget-wrap elementor-element-populated\">\n\t\t\t\t\t\t<div class=\"elementor-element elementor-element-bc8f6ea elementor-widget elementor-widget-text-editor\" data-id=\"bc8f6ea\" data-element_type=\"widget\" data-e-type=\"widget\" data-widget_type=\"text-editor.default\">\n\t\t\t\t<div class=\"elementor-widget-container\">\n\t\t\t\t\t\t\t\t\t<p>Liebe Eltern, Erziehungsbeauftragte und Sch\u00fcler*innen,<\/p><p>hier finden sie die allgemeine Datenschutzformular und das Datenschutzformular &#8222;Digitales&#8220;. Mit dem Ausf\u00fcllen des jeweiligen Formulars best\u00e4tigen Sie die Kenntnisnahme der zugeh\u00f6rigen Informationen und Nutzungsvereinbarungen.<\/p><p><span style=\"text-decoration: underline;\">\ud83d\udd17 <a href=\"https:\/\/www.leg-uelzen.de\/wp-content\/uploads\/2024\/11\/S-F-allg_Datensch_11_24.pdf\" target=\"_blank\" rel=\"noopener\">allgemeines Datenschutzformular<\/a><\/span><\/p><p style=\"padding-left: 40px;\"><span style=\"text-decoration: underline;\">\ud83d\udd17 <a href=\"https:\/\/www.leg-uelzen.de\/wp-content\/uploads\/2024\/11\/S-I-allg.Datenschutz-11_24.pdf\" target=\"_blank\" rel=\"noopener\">Informationen zum allgemeinen Datenschutzformular<\/a><\/span><\/p><p><span style=\"text-decoration: underline;\">\ud83d\udd17 <a href=\"https:\/\/www.leg-uelzen.de\/wp-content\/uploads\/2023\/03\/S-F-dig_Datensch_03_23.pdf\" target=\"_blank\" rel=\"noopener\">Datenschutzformular &#8222;Digitales&#8220;<\/a><\/span><\/p><p style=\"padding-left: 40px;\"><span style=\"text-decoration: underline;\">\ud83d\udd17 <a href=\"https:\/\/www.leg-uelzen.de\/wp-content\/uploads\/2023\/03\/S-I-Datenschutz-Digitales-03_23.pdf\" target=\"_blank\" rel=\"noopener\">Informationen zum Datenschutzformular &#8222;Digitales&#8220;<\/a><\/span><\/p><p style=\"padding-left: 40px;\"><span style=\"text-decoration: underline;\">\ud83d\udd17 <a href=\"https:\/\/www.leg-uelzen.de\/wp-content\/uploads\/2023\/03\/S-NO-Microsoft365-03_23.pdf\" target=\"_blank\" rel=\"noopener\">Nutzungsvereinbarung Microsoft 365<\/a><\/span><\/p><p style=\"padding-left: 40px;\"><span style=\"text-decoration: underline;\"><a href=\"https:\/\/www.leg-uelzen.de\/wp-content\/uploads\/2023\/03\/S-NO-Teams-03_23.pdf\" target=\"_blank\" rel=\"noopener\">\ud83d\udd17\u00a0Nutzungsvereinbarung Teams<\/a><\/span><\/p><p style=\"padding-left: 40px;\"><span style=\"text-decoration: underline;\"><a href=\"https:\/\/www.leg-uelzen.de\/wp-content\/uploads\/2023\/03\/S-NO-WLAN-03_23.pdf\" target=\"_blank\" rel=\"noopener\">\ud83d\udd17\u00a0Nutzungsvereinbarung WLAN-Zugang<\/a><\/span><\/p><p><span style=\"text-decoration: underline;\"><a href=\"https:\/\/www.leg-uelzen.de\/wp-content\/uploads\/2023\/03\/S-NO-WLAN-03_23.pdf\" target=\"_blank\" rel=\"noopener\">\ud83d\udd17<\/a><a href=\"https:\/\/www.leg-uelzen.de\/wp-content\/uploads\/2023\/08\/ESL-I-iPads_07_23.pdf\"> Datenschutzhinweise zu den elternfinanzierten iPads<\/a><\/span><\/p><p><span style=\"text-decoration: underline;\"><a href=\"https:\/\/www.leg-uelzen.de\/wp-content\/uploads\/2023\/03\/S-NO-WLAN-03_23.pdf\" target=\"_blank\" rel=\"noopener\">\ud83d\udd17<\/a><a href=\"https:\/\/www.leg-uelzen.de\/wp-content\/uploads\/2023\/08\/ESL-I-Untis_04_23.pdf\">\u00a0<\/a><\/span><a href=\"https:\/\/www.leg-uelzen.de\/wp-content\/uploads\/2023\/08\/ESL-I-Untis_04_23.pdf\"><span style=\"text-decoration: underline;\">Datenschutzhinweise zu WebUntis<\/span><\/a><\/p><p>\u00a0<\/p>\t\t\t\t\t\t\t\t<\/div>\n\t\t\t\t<\/div>\n\t\t\t\t\t<\/div>\n\t\t<\/div>\n\t\t\t\t\t<\/div>\n\t\t<\/section>\n\t\t\t\t<\/div>\n\t\t","protected":false},"excerpt":{"rendered":"<p>Liebe Eltern, Erziehungsbeauftragte und Sch\u00fcler*innen, hier finden sie die allgemeine Datenschutzformular und das Datenschutzformular &#8222;Digitales&#8220;. Mit dem Ausf\u00fcllen des jeweiligen Formulars best\u00e4tigen Sie die Kenntnisnahme der zugeh\u00f6rigen Informationen und Nutzungsvereinbarungen.&hellip;<\/p>\n","protected":false},"author":11,"featured_media":0,"parent":996,"menu_order":2,"comment_status":"closed","ping_status":"closed","template":"","meta":{"footnotes":""},"class_list":["post-1016","page","type-page","status-publish","hentry"],"_links":{"self":[{"href":"https:\/\/www.leg-uelzen.de\/index.php?rest_route=\/wp\/v2\/pages\/1016","targetHints":{"allow":["GET"]}}],"collection":[{"href":"https:\/\/www.leg-uelzen.de\/index.php?rest_route=\/wp\/v2\/pages"}],"about":[{"href":"https:\/\/www.leg-uelzen.de\/index.php?rest_route=\/wp\/v2\/types\/page"}],"author":[{"embeddable":true,"href":"https:\/\/www.leg-uelzen.de\/index.php?rest_route=\/wp\/v2\/users\/11"}],"replies":[{"embeddable":true,"href":"https:\/\/www.leg-uelzen.de\/index.php?rest_route=%2Fwp%2Fv2%2Fcomments&post=1016"}],"version-history":[{"count":82,"href":"https:\/\/www.leg-uelzen.de\/index.php?rest_route=\/wp\/v2\/pages\/1016\/revisions"}],"predecessor-version":[{"id":4956,"href":"https:\/\/www.leg-uelzen.de\/index.php?rest_route=\/wp\/v2\/pages\/1016\/revisions\/4956"}],"up":[{"embeddable":true,"href":"https:\/\/www.leg-uelzen.de\/index.php?rest_route=\/wp\/v2\/pages\/996"}],"wp:attachment":[{"href":"https:\/\/www.leg-uelzen.de\/index.php?rest_route=%2Fwp%2Fv2%2Fmedia&parent=1016"}],"curies":[{"name":"wp","href":"https:\/\/api.w.org\/{rel}","templated":true}]}}