{"id":126,"date":"2019-11-28T14:30:39","date_gmt":"2019-11-28T13:30:39","guid":{"rendered":"https:\/\/www.leg-uelzen.de\/digi\/gruppe4\/?page_id=126"},"modified":"2023-03-03T12:17:07","modified_gmt":"2023-03-03T11:17:07","slug":"impressum","status":"publish","type":"page","link":"https:\/\/www.leg-uelzen.de\/?page_id=126","title":{"rendered":"Impressum"},"content":{"rendered":"\t\t<div data-elementor-type=\"wp-page\" data-elementor-id=\"126\" class=\"elementor elementor-126\">\n\t\t\t\t\t\t<section class=\"elementor-section elementor-top-section elementor-element elementor-element-3a75da87 elementor-section-boxed elementor-section-height-default elementor-section-height-default\" data-id=\"3a75da87\" data-element_type=\"section\" data-e-type=\"section\">\n\t\t\t\t\t\t<div class=\"elementor-container elementor-column-gap-default\">\n\t\t\t\t\t<div class=\"elementor-column elementor-col-100 elementor-top-column elementor-element elementor-element-68ab9784\" data-id=\"68ab9784\" data-element_type=\"column\" data-e-type=\"column\">\n\t\t\t<div class=\"elementor-widget-wrap elementor-element-populated\">\n\t\t\t\t\t\t<div class=\"elementor-element elementor-element-62d3ce55 elementor-drop-cap-yes elementor-drop-cap-view-default elementor-widget elementor-widget-text-editor\" data-id=\"62d3ce55\" data-element_type=\"widget\" data-e-type=\"widget\" data-settings=\"{&quot;drop_cap&quot;:&quot;yes&quot;}\" data-widget_type=\"text-editor.default\">\n\t\t\t\t<div class=\"elementor-widget-container\">\n\t\t\t\t\t\t\t\t\t<p><\/p>\n<p>Angaben gem\u00e4\u00df \u00a7 5 TMG:<\/p>\n<p><\/p>\n<p><strong>Land Niedersachsen<\/strong><\/p>\n<p><\/p>\n<h2 class=\"wp-block-heading\">Vertreten durch:<\/h2>\n<p><\/p>\n<p>Daniel Fleischer, OStD<\/p>\n<p><\/p>\n<p>Lessing-Gymnasium Uelzen<\/p>\n<p><\/p>\n<p>Ilmenauufer 49<\/p>\n<p><\/p>\n<p>29525 Uelzen<\/p>\n<p><\/p>\n<h2 class=\"wp-block-heading\">Kontakt:<\/h2>\n<p><\/p>\n<figure class=\"wp-block-table\">\n<table>\n<tbody>\n<tr>\n<td>Telefon:<\/td>\n<td><a href=\"tel:0581-9764800\">0581-9764800<\/a><\/td>\n<\/tr>\n<tr>\n<td>Telefax:<\/td>\n<td><a href=\"tel:0581-9764802\">0581-9764802<\/a><\/td>\n<\/tr>\n<tr>\n<td>E-Mail:<\/td>\n<td><a>info@leg-uelzen.de<\/a><\/td>\n<\/tr>\n<\/tbody>\n<\/table>\n<\/figure>\n<p><\/p>\n<p>Quelle:&nbsp;<em>erstellt mit dem&nbsp;<a href=\"http:\/\/www.e-recht24.de\/impressum-generator.html\" target=\"_blank\" rel=\"noreferrer noopener\">Impressum-Generator Universit\u00e4t<\/a>&nbsp;von eRecht24.<\/em><\/p>\n<p><\/p>\n<h2 class=\"wp-block-heading\">Haftungsausschluss:<\/h2>\n<p><\/p>\n<p><strong>Haftung f\u00fcr Inhalte<\/strong><\/p>\n<p><\/p>\n<p>Die Inhalte unserer Seiten wurden mit gr\u00f6\u00dfter Sorgfalt erstellt.<br>F\u00fcr die Richtigkeit, Vollst\u00e4ndigkeit und Aktualit\u00e4t der Inhalte<br>k\u00f6nnen wir jedoch keine Gew\u00e4hr \u00fcbernehmen. Als Diensteanbieter sind wir gem\u00e4\u00df \u00a7 7 Abs.1 TMG f\u00fcr<br>eigene Inhalte auf diesen Seiten nach den allgemeinen Gesetzen verantwortlich.<br>Nach \u00a7\u00a7 8 bis 10 TMG sind wir als Diensteanbieter jedoch nicht<br>verpflichtet, \u00fcbermittelte oder gespeicherte fremde Informationen zu<br>\u00fcberwachen oder nach Umst\u00e4nden zu forschen, die auf eine rechtswidrige<br>T\u00e4tigkeit hinweisen. Verpflichtungen zur Entfernung oder Sperrung der<br>Nutzung von Informationen nach den allgemeinen Gesetzen bleiben hiervon<br>unber\u00fchrt. Eine diesbez\u00fcgliche Haftung ist jedoch erst ab dem<br>Zeitpunkt der Kenntnis einer konkreten Rechtsverletzung m\u00f6glich. Bei<br>Bekanntwerden von entsprechenden Rechtsverletzungen werden wir diese Inhalte<br>umgehend entfernen.<\/p>\n<p><\/p>\n<p><strong>Haftung f\u00fcr Links<\/strong><\/p>\n<p><\/p>\n<p>Unser Angebot enth\u00e4lt Links zu externen Webseiten Dritter, auf deren<br>Inhalte wir keinen Einfluss haben. Deshalb k\u00f6nnen wir f\u00fcr diese<br>fremden Inhalte auch keine Gew\u00e4hr \u00fcbernehmen. F\u00fcr die Inhalte<br>der verlinkten Seiten ist stets der jeweilige Anbieter oder Betreiber der<br>Seiten verantwortlich. Die verlinkten Seiten wurden zum Zeitpunkt der Verlinkung<br>auf m\u00f6gliche Rechtsverst\u00f6\u00dfe \u00fcberpr\u00fcft. Rechtswidrige<br>Inhalte waren zum Zeitpunkt der Verlinkung nicht erkennbar. Eine permanente<br>inhaltliche Kontrolle der verlinkten Seiten ist jedoch ohne konkrete Anhaltspunkte<br>einer Rechtsverletzung nicht zumutbar. Bei Bekanntwerden von Rechtsverletzungen<br>werden wir derartige Links umgehend entfernen.<\/p>\n<p><\/p>\n<p><strong>Urheberrecht<\/strong><\/p>\n<p><\/p>\n<p>Die durch die Seitenbetreiber erstellten Inhalte und Werke auf diesen Seiten<br>unterliegen dem deutschen Urheberrecht. Die Vervielf\u00e4ltigung, Bearbeitung, Verbreitung und<br>jede Art der Verwertung au\u00dferhalb der Grenzen des Urheberrechtes bed\u00fcrfen<br>der schriftlichen Zustimmung des jeweiligen Autors bzw. Erstellers. Downloads<br>und Kopien dieser Seite sind nur f\u00fcr den privaten, nicht kommerziellen<br>Gebrauch gestattet. Soweit die Inhalte auf dieser Seite nicht vom Betreiber erstellt wurden,<br>werden die Urheberrechte Dritter beachtet. Insbesondere werden Inhalte Dritter als solche<br>gekennzeichnet. Sollten Sie trotzdem auf eine Urheberrechtsverletzung aufmerksam werden,<br>bitten wir um einen entsprechenden Hinweis.<br>Bei Bekanntwerden von Rechtsverletzungen werden wir derartige Inhalte umgehend entfernen.<\/p>\n<p><\/p>\n<p><strong>Datenschutz<\/strong><\/p>\n<p><\/p>\n<p>Ausf\u00fchrliche Informationen zum Datenschutz finden Sie im Men\u00fceintrag Datenschutz oder direkt&nbsp;<a href=\"https:\/\/www.leg-uelzen.de\/cms\/?page_id=4399\">auf dieser Seite<\/a>.<\/p>\n<p><\/p>\n<p>Der Nutzung von im Rahmen der Impressumspflicht ver\u00f6ffentlichten Kontaktdaten<br>durch Dritte zur \u00dcbersendung von nicht ausdr\u00fccklich angeforderter<br>Werbung und Informationsmaterialien wird hiermit ausdr\u00fccklich widersprochen.<br>Die Betreiber der Seiten behalten sich ausdr\u00fccklich rechtliche Schritte<br>im Falle der unverlangten Zusendung von Werbeinformationen, etwa durch Spam-Mails,<br>vor.<\/p>\n<p><\/p>\n<p>Quelle:&nbsp;<em><a href=\"http:\/\/www.e-recht24.de\/muster-disclaimer.htm\" target=\"_blank\" rel=\"noreferrer noopener\">Disclaimer<\/a>&nbsp;von eRecht24, dem Portal zum Internetrecht von&nbsp;<a href=\"http:\/\/www.e-recht24.de\/\" target=\"_blank\" rel=\"noreferrer noopener\">Rechtsanwalt<\/a>S\u00f6ren Siebert.<\/em><\/p>\n<p><\/p>\t\t\t\t\t\t\t\t<\/div>\n\t\t\t\t<\/div>\n\t\t\t\t\t<\/div>\n\t\t<\/div>\n\t\t\t\t\t<\/div>\n\t\t<\/section>\n\t\t\t\t<\/div>\n\t\t","protected":false},"excerpt":{"rendered":"<p>Angaben gem\u00e4\u00df \u00a7 5 TMG: Land Niedersachsen Vertreten durch: Daniel Fleischer, OStD Lessing-Gymnasium Uelzen Ilmenauufer 49 29525 Uelzen Kontakt: Telefon: 0581-9764800 Telefax: 0581-9764802 E-Mail: info@leg-uelzen.de Quelle:&nbsp;erstellt mit dem&nbsp;Impressum-Generator Universit\u00e4t&nbsp;von eRecht24.&hellip;<\/p>\n","protected":false},"author":1,"featured_media":0,"parent":0,"menu_order":0,"comment_status":"closed","ping_status":"closed","template":"","meta":{"footnotes":""},"class_list":["post-126","page","type-page","status-publish","hentry"],"_links":{"self":[{"href":"https:\/\/www.leg-uelzen.de\/index.php?rest_route=\/wp\/v2\/pages\/126","targetHints":{"allow":["GET"]}}],"collection":[{"href":"https:\/\/www.leg-uelzen.de\/index.php?rest_route=\/wp\/v2\/pages"}],"about":[{"href":"https:\/\/www.leg-uelzen.de\/index.php?rest_route=\/wp\/v2\/types\/page"}],"author":[{"embeddable":true,"href":"https:\/\/www.leg-uelzen.de\/index.php?rest_route=\/wp\/v2\/users\/1"}],"replies":[{"embeddable":true,"href":"https:\/\/www.leg-uelzen.de\/index.php?rest_route=%2Fwp%2Fv2%2Fcomments&post=126"}],"version-history":[{"count":19,"href":"https:\/\/www.leg-uelzen.de\/index.php?rest_route=\/wp\/v2\/pages\/126\/revisions"}],"predecessor-version":[{"id":4684,"href":"https:\/\/www.leg-uelzen.de\/index.php?rest_route=\/wp\/v2\/pages\/126\/revisions\/4684"}],"wp:attachment":[{"href":"https:\/\/www.leg-uelzen.de\/index.php?rest_route=%2Fwp%2Fv2%2Fmedia&parent=126"}],"curies":[{"name":"wp","href":"https:\/\/api.w.org\/{rel}","templated":true}]}}