{"id":2398,"date":"2021-02-01T13:21:27","date_gmt":"2021-02-01T12:21:27","guid":{"rendered":"https:\/\/www.leg-uelzen.de\/?page_id=2398"},"modified":"2026-03-13T10:07:35","modified_gmt":"2026-03-13T09:07:35","slug":"schulleitung","status":"publish","type":"page","link":"https:\/\/www.leg-uelzen.de\/?page_id=2398","title":{"rendered":"Schulleitung"},"content":{"rendered":"\t\t<div data-elementor-type=\"wp-page\" data-elementor-id=\"2398\" class=\"elementor elementor-2398\">\n\t\t\t\t\t\t<section class=\"elementor-section elementor-top-section elementor-element elementor-element-9936fd1 elementor-section-boxed elementor-section-height-default elementor-section-height-default\" data-id=\"9936fd1\" data-element_type=\"section\" data-e-type=\"section\">\n\t\t\t\t\t\t<div class=\"elementor-container elementor-column-gap-default\">\n\t\t\t\t\t<div class=\"elementor-column elementor-col-100 elementor-top-column elementor-element elementor-element-c48c961\" data-id=\"c48c961\" data-element_type=\"column\" data-e-type=\"column\">\n\t\t\t<div class=\"elementor-widget-wrap elementor-element-populated\">\n\t\t\t\t\t\t<div class=\"elementor-element elementor-element-3419134 elementor-widget elementor-widget-heading\" data-id=\"3419134\" data-element_type=\"widget\" data-e-type=\"widget\" data-widget_type=\"heading.default\">\n\t\t\t\t<div class=\"elementor-widget-container\">\n\t\t\t\t\t<h2 class=\"elementor-heading-title elementor-size-default\">Die Schulleitung des Lessing-Gymnasiums Uelzen<\/h2>\t\t\t\t<\/div>\n\t\t\t\t<\/div>\n\t\t\t\t\t<\/div>\n\t\t<\/div>\n\t\t\t\t\t<\/div>\n\t\t<\/section>\n\t\t\t\t<section class=\"elementor-section elementor-top-section elementor-element elementor-element-dc4bd80 elementor-section-boxed elementor-section-height-default elementor-section-height-default\" data-id=\"dc4bd80\" data-element_type=\"section\" data-e-type=\"section\">\n\t\t\t\t\t\t<div class=\"elementor-container elementor-column-gap-default\">\n\t\t\t\t\t<div class=\"elementor-column elementor-col-100 elementor-top-column elementor-element elementor-element-b4b1973\" data-id=\"b4b1973\" data-element_type=\"column\" data-e-type=\"column\">\n\t\t\t<div class=\"elementor-widget-wrap elementor-element-populated\">\n\t\t\t\t\t\t<div class=\"elementor-element elementor-element-f8db293 elementor-widget elementor-widget-image\" data-id=\"f8db293\" data-element_type=\"widget\" data-e-type=\"widget\" data-widget_type=\"image.default\">\n\t\t\t\t<div class=\"elementor-widget-container\">\n\t\t\t\t\t\t\t\t\t\t\t\t\t\t\t<img decoding=\"async\" src=\"https:\/\/www.leg-uelzen.de\/wp-content\/uploads\/2022\/09\/Schulleitung-Homepage-320x202.jpg\" title=\"Schulleitung Homepage\" alt=\"Schulleitung Homepage\" loading=\"lazy\" \/>\t\t\t\t\t\t\t\t\t\t\t\t\t\t\t<\/div>\n\t\t\t\t<\/div>\n\t\t\t\t\t<\/div>\n\t\t<\/div>\n\t\t\t\t\t<\/div>\n\t\t<\/section>\n\t\t\t\t<section class=\"elementor-section elementor-top-section elementor-element elementor-element-3105df7 elementor-section-boxed elementor-section-height-default elementor-section-height-default\" data-id=\"3105df7\" data-element_type=\"section\" data-e-type=\"section\">\n\t\t\t\t\t\t<div class=\"elementor-container elementor-column-gap-default\">\n\t\t\t\t\t<div class=\"elementor-column elementor-col-33 elementor-top-column elementor-element elementor-element-64a8da2\" data-id=\"64a8da2\" data-element_type=\"column\" data-e-type=\"column\">\n\t\t\t<div class=\"elementor-widget-wrap elementor-element-populated\">\n\t\t\t\t\t\t<div class=\"elementor-element elementor-element-23474c3 elementor-widget elementor-widget-image\" data-id=\"23474c3\" data-element_type=\"widget\" data-e-type=\"widget\" data-widget_type=\"image.default\">\n\t\t\t\t<div class=\"elementor-widget-container\">\n\t\t\t\t\t\t\t\t\t\t\t\t\t\t\t<img fetchpriority=\"high\" decoding=\"async\" width=\"200\" height=\"300\" src=\"https:\/\/www.leg-uelzen.de\/wp-content\/uploads\/2022\/09\/Fleischer-Homepage-1-200x300.jpg\" class=\"attachment-medium size-medium wp-image-4212\" alt=\"\" srcset=\"https:\/\/www.leg-uelzen.de\/wp-content\/uploads\/2022\/09\/Fleischer-Homepage-1-200x300.jpg 200w, https:\/\/www.leg-uelzen.de\/wp-content\/uploads\/2022\/09\/Fleischer-Homepage-1.jpg 567w\" sizes=\"(max-width: 200px) 100vw, 200px\" \/>\t\t\t\t\t\t\t\t\t\t\t\t\t\t\t<\/div>\n\t\t\t\t<\/div>\n\t\t\t\t\t<\/div>\n\t\t<\/div>\n\t\t\t\t<div class=\"elementor-column elementor-col-66 elementor-top-column elementor-element elementor-element-e7d3e8f\" data-id=\"e7d3e8f\" data-element_type=\"column\" data-e-type=\"column\">\n\t\t\t<div class=\"elementor-widget-wrap elementor-element-populated\">\n\t\t\t\t\t\t<div class=\"elementor-element elementor-element-ad96b5d elementor-widget elementor-widget-text-editor\" data-id=\"ad96b5d\" data-element_type=\"widget\" data-e-type=\"widget\" data-widget_type=\"text-editor.default\">\n\t\t\t\t<div class=\"elementor-widget-container\">\n\t\t\t\t\t\t\t\t\t<p><strong>Schulleiter Daniel Fleischer, OstD<\/strong><\/p><p>verantwortlich u.a. f\u00fcr Personalangelegenheiten, Vertretung der Schule nach au\u00dfen, Vorsitzender des Schulvorstandes und der Gesamtkonferenz, Schuljahrg\u00e4nge 5 und 6, Statistik<\/p><p>Terminvereinbarung \u00fcber das Sekretariat unter 0581 9764800 oder<\/p><p>daniel.fleischer@leg-uelzen.de<\/p><p>\u00a0<\/p>\t\t\t\t\t\t\t\t<\/div>\n\t\t\t\t<\/div>\n\t\t\t\t\t<\/div>\n\t\t<\/div>\n\t\t\t\t\t<\/div>\n\t\t<\/section>\n\t\t\t\t<section class=\"elementor-section elementor-top-section elementor-element elementor-element-0bc1278 elementor-section-boxed elementor-section-height-default elementor-section-height-default\" data-id=\"0bc1278\" data-element_type=\"section\" data-e-type=\"section\">\n\t\t\t\t\t\t<div class=\"elementor-container elementor-column-gap-default\">\n\t\t\t\t\t<div class=\"elementor-column elementor-col-33 elementor-top-column elementor-element elementor-element-7184aca\" data-id=\"7184aca\" data-element_type=\"column\" data-e-type=\"column\">\n\t\t\t<div class=\"elementor-widget-wrap elementor-element-populated\">\n\t\t\t\t\t\t<div class=\"elementor-element elementor-element-be9b458 elementor-widget elementor-widget-image\" data-id=\"be9b458\" data-element_type=\"widget\" data-e-type=\"widget\" data-widget_type=\"image.default\">\n\t\t\t\t<div class=\"elementor-widget-container\">\n\t\t\t\t\t\t\t\t\t\t\t\t\t\t\t<img decoding=\"async\" width=\"200\" height=\"300\" src=\"https:\/\/www.leg-uelzen.de\/wp-content\/uploads\/2022\/09\/Wuebbenhorst-Homepage-200x300.jpg\" class=\"attachment-medium size-medium wp-image-4217\" alt=\"\" srcset=\"https:\/\/www.leg-uelzen.de\/wp-content\/uploads\/2022\/09\/Wuebbenhorst-Homepage-200x300.jpg 200w, https:\/\/www.leg-uelzen.de\/wp-content\/uploads\/2022\/09\/Wuebbenhorst-Homepage.jpg 567w\" sizes=\"(max-width: 200px) 100vw, 200px\" \/>\t\t\t\t\t\t\t\t\t\t\t\t\t\t\t<\/div>\n\t\t\t\t<\/div>\n\t\t\t\t\t<\/div>\n\t\t<\/div>\n\t\t\t\t<div class=\"elementor-column elementor-col-66 elementor-top-column elementor-element elementor-element-56c98f0\" data-id=\"56c98f0\" data-element_type=\"column\" data-e-type=\"column\">\n\t\t\t<div class=\"elementor-widget-wrap elementor-element-populated\">\n\t\t\t\t\t\t<div class=\"elementor-element elementor-element-46cd260 elementor-widget elementor-widget-text-editor\" data-id=\"46cd260\" data-element_type=\"widget\" data-e-type=\"widget\" data-widget_type=\"text-editor.default\">\n\t\t\t\t<div class=\"elementor-widget-container\">\n\t\t\t\t\t\t\t\t\t<p><strong>St\u00e4ndiger Vertreter des Schulleiters Dr. Dirk W\u00fcbbenhorst, StD<\/strong><\/p><p>verantwortlich u.a. f\u00fcr Unterrichtsverteilung, Statistik<\/p><p>erreichbar unter:<\/p><p>0581 9764811 oder<\/p><p>dirk.wuebbenhorst@leg-uelzen.de<\/p>\t\t\t\t\t\t\t\t<\/div>\n\t\t\t\t<\/div>\n\t\t\t\t\t<\/div>\n\t\t<\/div>\n\t\t\t\t\t<\/div>\n\t\t<\/section>\n\t\t\t\t<section class=\"elementor-section elementor-top-section elementor-element elementor-element-55055ea elementor-section-boxed elementor-section-height-default elementor-section-height-default\" data-id=\"55055ea\" data-element_type=\"section\" data-e-type=\"section\">\n\t\t\t\t\t\t<div class=\"elementor-container elementor-column-gap-default\">\n\t\t\t\t\t<div class=\"elementor-column elementor-col-33 elementor-top-column elementor-element elementor-element-e8b41b0\" data-id=\"e8b41b0\" data-element_type=\"column\" data-e-type=\"column\">\n\t\t\t<div class=\"elementor-widget-wrap elementor-element-populated\">\n\t\t\t\t\t\t<div class=\"elementor-element elementor-element-7a27ede elementor-widget elementor-widget-image\" data-id=\"7a27ede\" data-element_type=\"widget\" data-e-type=\"widget\" data-widget_type=\"image.default\">\n\t\t\t\t<div class=\"elementor-widget-container\">\n\t\t\t\t\t\t\t\t\t\t\t\t\t\t\t<img decoding=\"async\" width=\"300\" height=\"200\" src=\"https:\/\/www.leg-uelzen.de\/wp-content\/uploads\/2022\/09\/Meyer-Homepage-300x200.jpg\" class=\"attachment-medium size-medium wp-image-4210\" alt=\"\" srcset=\"https:\/\/www.leg-uelzen.de\/wp-content\/uploads\/2022\/09\/Meyer-Homepage-300x200.jpg 300w, https:\/\/www.leg-uelzen.de\/wp-content\/uploads\/2022\/09\/Meyer-Homepage-1024x683.jpg 1024w, https:\/\/www.leg-uelzen.de\/wp-content\/uploads\/2022\/09\/Meyer-Homepage-768x512.jpg 768w, https:\/\/www.leg-uelzen.de\/wp-content\/uploads\/2022\/09\/Meyer-Homepage-800x534.jpg 800w, https:\/\/www.leg-uelzen.de\/wp-content\/uploads\/2022\/09\/Meyer-Homepage.jpg 1079w\" sizes=\"(max-width: 300px) 100vw, 300px\" \/>\t\t\t\t\t\t\t\t\t\t\t\t\t\t\t<\/div>\n\t\t\t\t<\/div>\n\t\t\t\t\t<\/div>\n\t\t<\/div>\n\t\t\t\t<div class=\"elementor-column elementor-col-66 elementor-top-column elementor-element elementor-element-99cbf3e\" data-id=\"99cbf3e\" data-element_type=\"column\" data-e-type=\"column\">\n\t\t\t<div class=\"elementor-widget-wrap elementor-element-populated\">\n\t\t\t\t\t\t<div class=\"elementor-element elementor-element-27402aa elementor-widget elementor-widget-text-editor\" data-id=\"27402aa\" data-element_type=\"widget\" data-e-type=\"widget\" data-widget_type=\"text-editor.default\">\n\t\t\t\t<div class=\"elementor-widget-container\">\n\t\t\t\t\t\t\t\t\t<p><strong>Studiendirektorin Imke Meyer<\/strong><\/p><p>verantwortlich u.a. f\u00fcr Berufsorientierung, Schulgel\u00e4nde und Schulgeb\u00e4ude, Jahrgangsstufe 11, Aufgabenfeld B<\/p><p>erreichbar unter:<\/p><p>0581 9764813 oder<\/p><p>imke.meyer@leg-uelzen.de<\/p>\t\t\t\t\t\t\t\t<\/div>\n\t\t\t\t<\/div>\n\t\t\t\t\t<\/div>\n\t\t<\/div>\n\t\t\t\t\t<\/div>\n\t\t<\/section>\n\t\t\t\t<section class=\"elementor-section elementor-top-section elementor-element elementor-element-916a85c elementor-section-boxed elementor-section-height-default elementor-section-height-default\" data-id=\"916a85c\" data-element_type=\"section\" data-e-type=\"section\">\n\t\t\t\t\t\t<div class=\"elementor-container elementor-column-gap-default\">\n\t\t\t\t\t<div class=\"elementor-column elementor-col-33 elementor-top-column elementor-element elementor-element-e8bef6b\" data-id=\"e8bef6b\" data-element_type=\"column\" data-e-type=\"column\">\n\t\t\t<div class=\"elementor-widget-wrap elementor-element-populated\">\n\t\t\t\t\t\t<div class=\"elementor-element elementor-element-8cf0590 elementor-widget elementor-widget-image\" data-id=\"8cf0590\" data-element_type=\"widget\" data-e-type=\"widget\" data-widget_type=\"image.default\">\n\t\t\t\t<div class=\"elementor-widget-container\">\n\t\t\t\t\t\t\t\t\t\t\t\t\t\t\t<img loading=\"lazy\" decoding=\"async\" width=\"200\" height=\"300\" src=\"https:\/\/www.leg-uelzen.de\/wp-content\/uploads\/2022\/09\/Kratz-Homepage-200x300.jpg\" class=\"attachment-medium size-medium wp-image-4215\" alt=\"\" srcset=\"https:\/\/www.leg-uelzen.de\/wp-content\/uploads\/2022\/09\/Kratz-Homepage-200x300.jpg 200w, https:\/\/www.leg-uelzen.de\/wp-content\/uploads\/2022\/09\/Kratz-Homepage.jpg 567w\" sizes=\"(max-width: 200px) 100vw, 200px\" \/>\t\t\t\t\t\t\t\t\t\t\t\t\t\t\t<\/div>\n\t\t\t\t<\/div>\n\t\t\t\t\t<\/div>\n\t\t<\/div>\n\t\t\t\t<div class=\"elementor-column elementor-col-66 elementor-top-column elementor-element elementor-element-5d5761d\" data-id=\"5d5761d\" data-element_type=\"column\" data-e-type=\"column\">\n\t\t\t<div class=\"elementor-widget-wrap elementor-element-populated\">\n\t\t\t\t\t\t<div class=\"elementor-element elementor-element-393366a elementor-widget elementor-widget-text-editor\" data-id=\"393366a\" data-element_type=\"widget\" data-e-type=\"widget\" data-widget_type=\"text-editor.default\">\n\t\t\t\t<div class=\"elementor-widget-container\">\n\t\t\t\t\t\t\t\t\t<p><strong>Studiendirektorin Ilka Kratz<\/strong><\/p><p>verantwortlich u.a. f\u00fcr Stundenplan, Haushalt und Finanzen, Unterrichtsverteilung, Aufgabenfeld A<\/p><p>erreichbar unter:\u00a0<\/p><p>0581 9764812 oder<\/p><p>ilka.kratz@leg-uelzen.de<\/p>\t\t\t\t\t\t\t\t<\/div>\n\t\t\t\t<\/div>\n\t\t\t\t\t<\/div>\n\t\t<\/div>\n\t\t\t\t\t<\/div>\n\t\t<\/section>\n\t\t\t\t<section class=\"elementor-section elementor-top-section elementor-element elementor-element-53c9089 elementor-section-boxed elementor-section-height-default elementor-section-height-default\" data-id=\"53c9089\" data-element_type=\"section\" data-e-type=\"section\">\n\t\t\t\t\t\t<div class=\"elementor-container elementor-column-gap-default\">\n\t\t\t\t\t<div class=\"elementor-column elementor-col-33 elementor-top-column elementor-element elementor-element-cef64c9\" data-id=\"cef64c9\" data-element_type=\"column\" data-e-type=\"column\">\n\t\t\t<div class=\"elementor-widget-wrap elementor-element-populated\">\n\t\t\t\t\t\t<div class=\"elementor-element elementor-element-7caf73e elementor-widget elementor-widget-image\" data-id=\"7caf73e\" data-element_type=\"widget\" data-e-type=\"widget\" data-widget_type=\"image.default\">\n\t\t\t\t<div class=\"elementor-widget-container\">\n\t\t\t\t\t\t\t\t\t\t\t\t\t\t\t<img loading=\"lazy\" decoding=\"async\" width=\"200\" height=\"300\" src=\"https:\/\/www.leg-uelzen.de\/wp-content\/uploads\/2022\/09\/Niemann-Homepage-200x300.jpg\" class=\"attachment-medium size-medium wp-image-4214\" alt=\"\" srcset=\"https:\/\/www.leg-uelzen.de\/wp-content\/uploads\/2022\/09\/Niemann-Homepage-200x300.jpg 200w, https:\/\/www.leg-uelzen.de\/wp-content\/uploads\/2022\/09\/Niemann-Homepage.jpg 567w\" sizes=\"(max-width: 200px) 100vw, 200px\" \/>\t\t\t\t\t\t\t\t\t\t\t\t\t\t\t<\/div>\n\t\t\t\t<\/div>\n\t\t\t\t\t<\/div>\n\t\t<\/div>\n\t\t\t\t<div class=\"elementor-column elementor-col-66 elementor-top-column elementor-element elementor-element-d5c798e\" data-id=\"d5c798e\" data-element_type=\"column\" data-e-type=\"column\">\n\t\t\t<div class=\"elementor-widget-wrap elementor-element-populated\">\n\t\t\t\t\t\t<div class=\"elementor-element elementor-element-0fd844a elementor-widget elementor-widget-text-editor\" data-id=\"0fd844a\" data-element_type=\"widget\" data-e-type=\"widget\" data-widget_type=\"text-editor.default\">\n\t\t\t\t<div class=\"elementor-widget-container\">\n\t\t\t\t\t\t\t\t\t<p><strong>Studiendirektor Thorsten Niemann<\/strong><\/p><p>verantwortlich u.a. Qualifikationsphase, Abitur, Digitalisierung (au\u00dferhalb des Unterrichts), Stundenplan<\/p><p>erreichbar unter:\u00a0<\/p><p>0581 9764829 oder<\/p><p>thorsten.niemann@leg-uelzen.de<\/p>\t\t\t\t\t\t\t\t<\/div>\n\t\t\t\t<\/div>\n\t\t\t\t\t<\/div>\n\t\t<\/div>\n\t\t\t\t\t<\/div>\n\t\t<\/section>\n\t\t\t\t<section class=\"elementor-section elementor-top-section elementor-element elementor-element-160e7b3 elementor-section-boxed elementor-section-height-default elementor-section-height-default\" data-id=\"160e7b3\" data-element_type=\"section\" data-e-type=\"section\">\n\t\t\t\t\t\t<div class=\"elementor-container elementor-column-gap-default\">\n\t\t\t\t\t<div class=\"elementor-column elementor-col-33 elementor-top-column elementor-element elementor-element-92ca5b5\" data-id=\"92ca5b5\" data-element_type=\"column\" data-e-type=\"column\">\n\t\t\t<div class=\"elementor-widget-wrap elementor-element-populated\">\n\t\t\t\t\t\t\t<\/div>\n\t\t<\/div>\n\t\t\t\t<div class=\"elementor-column elementor-col-66 elementor-top-column elementor-element elementor-element-46bcd4d\" data-id=\"46bcd4d\" data-element_type=\"column\" data-e-type=\"column\">\n\t\t\t<div class=\"elementor-widget-wrap elementor-element-populated\">\n\t\t\t\t\t\t<div class=\"elementor-element elementor-element-1bc3ad9 elementor-widget elementor-widget-text-editor\" data-id=\"1bc3ad9\" data-element_type=\"widget\" data-e-type=\"widget\" data-widget_type=\"text-editor.default\">\n\t\t\t\t<div class=\"elementor-widget-container\">\n\t\t\t\t\t\t\t\t\t<p><strong>Studiendirektorin Kirsten Chapman<\/strong><\/p><p>verantwortlich u.a. f\u00fcr die Schuljahrg\u00e4nge 7-10 und Digitalisierung im Unterricht (iPads, &#8230;)<\/p><p>erreichbar unter:\u00a0<\/p><p>0581 9764825 oder<\/p><p>kirsten.chapman@leg-uelzen.de<\/p>\t\t\t\t\t\t\t\t<\/div>\n\t\t\t\t<\/div>\n\t\t\t\t\t<\/div>\n\t\t<\/div>\n\t\t\t\t\t<\/div>\n\t\t<\/section>\n\t\t\t\t<\/div>\n\t\t","protected":false},"excerpt":{"rendered":"<p>Die Schulleitung des Lessing-Gymnasiums Uelzen Schulleiter Daniel Fleischer, OstD verantwortlich u.a. f\u00fcr Personalangelegenheiten, Vertretung der Schule nach au\u00dfen, Vorsitzender des Schulvorstandes und der Gesamtkonferenz, Schuljahrg\u00e4nge 5 und 6, Statistik Terminvereinbarung&hellip;<\/p>\n","protected":false},"author":1,"featured_media":0,"parent":0,"menu_order":0,"comment_status":"closed","ping_status":"closed","template":"","meta":{"footnotes":""},"class_list":["post-2398","page","type-page","status-publish","hentry"],"_links":{"self":[{"href":"https:\/\/www.leg-uelzen.de\/index.php?rest_route=\/wp\/v2\/pages\/2398","targetHints":{"allow":["GET"]}}],"collection":[{"href":"https:\/\/www.leg-uelzen.de\/index.php?rest_route=\/wp\/v2\/pages"}],"about":[{"href":"https:\/\/www.leg-uelzen.de\/index.php?rest_route=\/wp\/v2\/types\/page"}],"author":[{"embeddable":true,"href":"https:\/\/www.leg-uelzen.de\/index.php?rest_route=\/wp\/v2\/users\/1"}],"replies":[{"embeddable":true,"href":"https:\/\/www.leg-uelzen.de\/index.php?rest_route=%2Fwp%2Fv2%2Fcomments&post=2398"}],"version-history":[{"count":46,"href":"https:\/\/www.leg-uelzen.de\/index.php?rest_route=\/wp\/v2\/pages\/2398\/revisions"}],"predecessor-version":[{"id":6527,"href":"https:\/\/www.leg-uelzen.de\/index.php?rest_route=\/wp\/v2\/pages\/2398\/revisions\/6527"}],"wp:attachment":[{"href":"https:\/\/www.leg-uelzen.de\/index.php?rest_route=%2Fwp%2Fv2%2Fmedia&parent=2398"}],"curies":[{"name":"wp","href":"https:\/\/api.w.org\/{rel}","templated":true}]}}