{"id":2443,"date":"2021-02-02T10:24:23","date_gmt":"2021-02-02T09:24:23","guid":{"rendered":"https:\/\/www.leg-uelzen.de\/?page_id=2443"},"modified":"2026-03-13T10:28:22","modified_gmt":"2026-03-13T09:28:22","slug":"spielhaeuschen","status":"publish","type":"page","link":"https:\/\/www.leg-uelzen.de\/?page_id=2443","title":{"rendered":"Spielh\u00e4uschen"},"content":{"rendered":"\t\t<div data-elementor-type=\"wp-page\" data-elementor-id=\"2443\" class=\"elementor elementor-2443\">\n\t\t\t\t\t\t<section class=\"elementor-section elementor-top-section elementor-element elementor-element-2f9163a elementor-section-boxed elementor-section-height-default elementor-section-height-default\" data-id=\"2f9163a\" data-element_type=\"section\" data-e-type=\"section\">\n\t\t\t\t\t\t<div class=\"elementor-container elementor-column-gap-default\">\n\t\t\t\t\t<div class=\"elementor-column elementor-col-100 elementor-top-column elementor-element elementor-element-c67ad86\" data-id=\"c67ad86\" data-element_type=\"column\" data-e-type=\"column\">\n\t\t\t<div class=\"elementor-widget-wrap elementor-element-populated\">\n\t\t\t\t\t\t<div class=\"elementor-element elementor-element-828940d elementor-widget elementor-widget-heading\" data-id=\"828940d\" data-element_type=\"widget\" data-e-type=\"widget\" data-widget_type=\"heading.default\">\n\t\t\t\t<div class=\"elementor-widget-container\">\n\t\t\t\t\t<h2 class=\"elementor-heading-title elementor-size-default\">Leider ist aufgrund der aktuellen Situation der Verleih von Spiel- und Sportger\u00e4ten in den Pausen nicht m\u00f6glich<\/h2>\t\t\t\t<\/div>\n\t\t\t\t<\/div>\n\t\t\t\t\t<\/div>\n\t\t<\/div>\n\t\t\t\t\t<\/div>\n\t\t<\/section>\n\t\t\t\t<section class=\"elementor-section elementor-top-section elementor-element elementor-element-60a7934 elementor-section-boxed elementor-section-height-default elementor-section-height-default\" data-id=\"60a7934\" data-element_type=\"section\" data-e-type=\"section\">\n\t\t\t\t\t\t<div class=\"elementor-container elementor-column-gap-default\">\n\t\t\t\t\t<div class=\"elementor-column elementor-col-100 elementor-top-column elementor-element elementor-element-3b41f93\" data-id=\"3b41f93\" data-element_type=\"column\" data-e-type=\"column\">\n\t\t\t<div class=\"elementor-widget-wrap elementor-element-populated\">\n\t\t\t\t\t\t<div class=\"elementor-element elementor-element-ada3ede elementor-widget-divider--view-line elementor-widget elementor-widget-divider\" data-id=\"ada3ede\" data-element_type=\"widget\" data-e-type=\"widget\" data-widget_type=\"divider.default\">\n\t\t\t\t<div class=\"elementor-widget-container\">\n\t\t\t\t\t\t\t<div class=\"elementor-divider\">\n\t\t\t<span class=\"elementor-divider-separator\">\n\t\t\t\t\t\t<\/span>\n\t\t<\/div>\n\t\t\t\t\t\t<\/div>\n\t\t\t\t<\/div>\n\t\t\t\t\t<\/div>\n\t\t<\/div>\n\t\t\t\t\t<\/div>\n\t\t<\/section>\n\t\t\t\t<section class=\"elementor-section elementor-top-section elementor-element elementor-element-eb93835 elementor-section-boxed elementor-section-height-default elementor-section-height-default\" data-id=\"eb93835\" data-element_type=\"section\" data-e-type=\"section\">\n\t\t\t\t\t\t<div class=\"elementor-container elementor-column-gap-default\">\n\t\t\t\t\t<div class=\"elementor-column elementor-col-100 elementor-top-column elementor-element elementor-element-04a4bed\" data-id=\"04a4bed\" data-element_type=\"column\" data-e-type=\"column\">\n\t\t\t<div class=\"elementor-widget-wrap elementor-element-populated\">\n\t\t\t\t\t\t<div class=\"elementor-element elementor-element-c1842a5 elementor-widget elementor-widget-text-editor\" data-id=\"c1842a5\" data-element_type=\"widget\" data-e-type=\"widget\" data-widget_type=\"text-editor.default\">\n\t\t\t\t<div class=\"elementor-widget-container\">\n\t\t\t\t\t\t\t\t\t<p>Das Spielh\u00e4uschen steht bei gutem Wetter allen Sch\u00fclern zum ausleihen von Spielger\u00e4te und weiterem zur Verf\u00fcgung.<\/p><p>Zum Ausleihen ist die Eintragung in eine Liste notwendig.<\/p><p>Beaufsichtigung des Spielh\u00e4uschens geschieht in der Regel durch einen Sch\u00fcler der Sek. 2.<\/p>\t\t\t\t\t\t\t\t<\/div>\n\t\t\t\t<\/div>\n\t\t\t\t\t<\/div>\n\t\t<\/div>\n\t\t\t\t\t<\/div>\n\t\t<\/section>\n\t\t\t\t<\/div>\n\t\t","protected":false},"excerpt":{"rendered":"<p>Leider ist aufgrund der aktuellen Situation der Verleih von Spiel- und Sportger\u00e4ten in den Pausen nicht m\u00f6glich Das Spielh\u00e4uschen steht bei gutem Wetter allen Sch\u00fclern zum ausleihen von Spielger\u00e4te und&hellip;<\/p>\n","protected":false},"author":1,"featured_media":0,"parent":0,"menu_order":0,"comment_status":"closed","ping_status":"closed","template":"","meta":{"footnotes":""},"class_list":["post-2443","page","type-page","status-publish","hentry"],"_links":{"self":[{"href":"https:\/\/www.leg-uelzen.de\/index.php?rest_route=\/wp\/v2\/pages\/2443","targetHints":{"allow":["GET"]}}],"collection":[{"href":"https:\/\/www.leg-uelzen.de\/index.php?rest_route=\/wp\/v2\/pages"}],"about":[{"href":"https:\/\/www.leg-uelzen.de\/index.php?rest_route=\/wp\/v2\/types\/page"}],"author":[{"embeddable":true,"href":"https:\/\/www.leg-uelzen.de\/index.php?rest_route=\/wp\/v2\/users\/1"}],"replies":[{"embeddable":true,"href":"https:\/\/www.leg-uelzen.de\/index.php?rest_route=%2Fwp%2Fv2%2Fcomments&post=2443"}],"version-history":[{"count":17,"href":"https:\/\/www.leg-uelzen.de\/index.php?rest_route=\/wp\/v2\/pages\/2443\/revisions"}],"predecessor-version":[{"id":6559,"href":"https:\/\/www.leg-uelzen.de\/index.php?rest_route=\/wp\/v2\/pages\/2443\/revisions\/6559"}],"wp:attachment":[{"href":"https:\/\/www.leg-uelzen.de\/index.php?rest_route=%2Fwp%2Fv2%2Fmedia&parent=2443"}],"curies":[{"name":"wp","href":"https:\/\/api.w.org\/{rel}","templated":true}]}}