{"id":2461,"date":"2021-02-02T10:47:46","date_gmt":"2021-02-02T09:47:46","guid":{"rendered":"https:\/\/www.leg-uelzen.de\/?page_id=2461"},"modified":"2021-02-02T10:49:28","modified_gmt":"2021-02-02T09:49:28","slug":"schliessfaecher-2","status":"publish","type":"page","link":"https:\/\/www.leg-uelzen.de\/?page_id=2461","title":{"rendered":"Schlie\u00dff\u00e4cher"},"content":{"rendered":"\t\t<div data-elementor-type=\"wp-page\" data-elementor-id=\"2461\" class=\"elementor elementor-2461\">\n\t\t\t\t\t\t<section class=\"elementor-section elementor-top-section elementor-element elementor-element-45a8fa7 elementor-section-boxed elementor-section-height-default elementor-section-height-default\" data-id=\"45a8fa7\" data-element_type=\"section\" data-e-type=\"section\">\n\t\t\t\t\t\t<div class=\"elementor-container elementor-column-gap-default\">\n\t\t\t\t\t<div class=\"elementor-column elementor-col-100 elementor-top-column elementor-element elementor-element-a87fef0\" data-id=\"a87fef0\" data-element_type=\"column\" data-e-type=\"column\">\n\t\t\t<div class=\"elementor-widget-wrap elementor-element-populated\">\n\t\t\t\t\t\t<div class=\"elementor-element elementor-element-c6405a5 elementor-widget elementor-widget-heading\" data-id=\"c6405a5\" data-element_type=\"widget\" data-e-type=\"widget\" data-widget_type=\"heading.default\">\n\t\t\t\t<div class=\"elementor-widget-container\">\n\t\t\t\t\t<h3 class=\"elementor-heading-title elementor-size-default\">Hinweise zum eigenen Schlie\u00dffach<\/h3>\t\t\t\t<\/div>\n\t\t\t\t<\/div>\n\t\t\t\t\t<\/div>\n\t\t<\/div>\n\t\t\t\t\t<\/div>\n\t\t<\/section>\n\t\t\t\t<section class=\"elementor-section elementor-top-section elementor-element elementor-element-375726b elementor-section-boxed elementor-section-height-default elementor-section-height-default\" data-id=\"375726b\" data-element_type=\"section\" data-e-type=\"section\">\n\t\t\t\t\t\t<div class=\"elementor-container elementor-column-gap-default\">\n\t\t\t\t\t<div class=\"elementor-column elementor-col-100 elementor-top-column elementor-element elementor-element-480ee57\" data-id=\"480ee57\" data-element_type=\"column\" data-e-type=\"column\">\n\t\t\t<div class=\"elementor-widget-wrap elementor-element-populated\">\n\t\t\t\t\t\t<div class=\"elementor-element elementor-element-3b9f7a8 elementor-widget elementor-widget-text-editor\" data-id=\"3b9f7a8\" data-element_type=\"widget\" data-e-type=\"widget\" data-widget_type=\"text-editor.default\">\n\t\t\t\t<div class=\"elementor-widget-container\">\n\t\t\t\t\t\t\t\t\t<p>Die Schlie\u00dff\u00e4cher befinden sich im Keller der Schule und sind \u00fcber die LeGeria sowie die Freitreppe zu erreichen.<\/p><p>Alle wichtigen Information rund um dein Schlie\u00dffach findest du bei\u00a0<strong><a href=\"https:\/\/www.astradirect.de\/\" target=\"_blank\" rel=\"noopener noreferrer\">AstraDirect<\/a>.<\/strong>\u00a0Hier kannst du au\u00dferdem:<\/p><ul><li><em>dein Passwort \u00e4ndern<\/em><\/li><li><em>einen Sch\u00e4den melden<\/em><\/li><li><em>dein Schlie\u00dffach wechseln<\/em><\/li><li><em>die Konditionen anpassen<\/em><\/li><\/ul>\t\t\t\t\t\t\t\t<\/div>\n\t\t\t\t<\/div>\n\t\t\t\t\t<\/div>\n\t\t<\/div>\n\t\t\t\t\t<\/div>\n\t\t<\/section>\n\t\t\t\t<section class=\"elementor-section elementor-top-section elementor-element elementor-element-878921e elementor-section-boxed elementor-section-height-default elementor-section-height-default\" data-id=\"878921e\" data-element_type=\"section\" data-e-type=\"section\">\n\t\t\t\t\t\t<div class=\"elementor-container elementor-column-gap-default\">\n\t\t\t\t\t<div class=\"elementor-column elementor-col-100 elementor-top-column elementor-element elementor-element-fdb2328\" data-id=\"fdb2328\" data-element_type=\"column\" data-e-type=\"column\">\n\t\t\t<div class=\"elementor-widget-wrap elementor-element-populated\">\n\t\t\t\t\t\t<div class=\"elementor-element elementor-element-48400a6 elementor-widget elementor-widget-heading\" data-id=\"48400a6\" data-element_type=\"widget\" data-e-type=\"widget\" data-widget_type=\"heading.default\">\n\t\t\t\t<div class=\"elementor-widget-container\">\n\t\t\t\t\t<h3 class=\"elementor-heading-title elementor-size-default\">Wie miete ich ein Schlie\u00dffach?<\/h3>\t\t\t\t<\/div>\n\t\t\t\t<\/div>\n\t\t\t\t\t<\/div>\n\t\t<\/div>\n\t\t\t\t\t<\/div>\n\t\t<\/section>\n\t\t\t\t<section class=\"elementor-section elementor-top-section elementor-element elementor-element-74a6f38 elementor-section-boxed elementor-section-height-default elementor-section-height-default\" data-id=\"74a6f38\" data-element_type=\"section\" data-e-type=\"section\">\n\t\t\t\t\t\t<div class=\"elementor-container elementor-column-gap-default\">\n\t\t\t\t\t<div class=\"elementor-column elementor-col-100 elementor-top-column elementor-element elementor-element-11cdee5\" data-id=\"11cdee5\" data-element_type=\"column\" data-e-type=\"column\">\n\t\t\t<div class=\"elementor-widget-wrap elementor-element-populated\">\n\t\t\t\t\t\t<div class=\"elementor-element elementor-element-390ed0b elementor-widget elementor-widget-text-editor\" data-id=\"390ed0b\" data-element_type=\"widget\" data-e-type=\"widget\" data-widget_type=\"text-editor.default\">\n\t\t\t\t<div class=\"elementor-widget-container\">\n\t\t\t\t\t\t\t\t\t<p>Ein Schlie\u00dffach kannst du unter\u00a0<a href=\"https:\/\/www.astradirekt.de\/\" target=\"_blank\" rel=\"noopener noreferrer\"><strong>AstraDirekt<\/strong><\/a>\u00a0mieten.<\/p><p>Auf der Internetseite des Anbieters kannst du dein Schlie\u00dffach verwalten, rund um die Uhr.<\/p>\t\t\t\t\t\t\t\t<\/div>\n\t\t\t\t<\/div>\n\t\t\t\t\t<\/div>\n\t\t<\/div>\n\t\t\t\t\t<\/div>\n\t\t<\/section>\n\t\t\t\t<section class=\"elementor-section elementor-top-section elementor-element elementor-element-cd4865c elementor-section-boxed elementor-section-height-default elementor-section-height-default\" data-id=\"cd4865c\" data-element_type=\"section\" data-e-type=\"section\">\n\t\t\t\t\t\t<div class=\"elementor-container elementor-column-gap-default\">\n\t\t\t\t\t<div class=\"elementor-column elementor-col-100 elementor-top-column elementor-element elementor-element-2fdc2bb\" data-id=\"2fdc2bb\" data-element_type=\"column\" data-e-type=\"column\">\n\t\t\t<div class=\"elementor-widget-wrap elementor-element-populated\">\n\t\t\t\t\t\t<div class=\"elementor-element elementor-element-b73a9ea elementor-widget-divider--view-line elementor-widget elementor-widget-divider\" data-id=\"b73a9ea\" data-element_type=\"widget\" data-e-type=\"widget\" data-widget_type=\"divider.default\">\n\t\t\t\t<div class=\"elementor-widget-container\">\n\t\t\t\t\t\t\t<div class=\"elementor-divider\">\n\t\t\t<span class=\"elementor-divider-separator\">\n\t\t\t\t\t\t<\/span>\n\t\t<\/div>\n\t\t\t\t\t\t<\/div>\n\t\t\t\t<\/div>\n\t\t\t\t\t<\/div>\n\t\t<\/div>\n\t\t\t\t\t<\/div>\n\t\t<\/section>\n\t\t\t\t<section class=\"elementor-section elementor-top-section elementor-element elementor-element-294a3f6 elementor-section-boxed elementor-section-height-default elementor-section-height-default\" data-id=\"294a3f6\" data-element_type=\"section\" data-e-type=\"section\">\n\t\t\t\t\t\t<div class=\"elementor-container elementor-column-gap-default\">\n\t\t\t\t\t<div class=\"elementor-column elementor-col-100 elementor-top-column elementor-element elementor-element-8af8b02\" data-id=\"8af8b02\" data-element_type=\"column\" data-e-type=\"column\">\n\t\t\t<div class=\"elementor-widget-wrap elementor-element-populated\">\n\t\t\t\t\t\t<div class=\"elementor-element elementor-element-b3be3c2 elementor-align-center elementor-widget elementor-widget-button\" data-id=\"b3be3c2\" data-element_type=\"widget\" data-e-type=\"widget\" data-widget_type=\"button.default\">\n\t\t\t\t<div class=\"elementor-widget-container\">\n\t\t\t\t\t\t\t\t\t<div class=\"elementor-button-wrapper\">\n\t\t\t\t\t<a class=\"elementor-button elementor-button-link elementor-size-md\" href=\"https:\/\/www.astradirect.de\/\">\n\t\t\t\t\t\t<span class=\"elementor-button-content-wrapper\">\n\t\t\t\t\t\t\t\t\t<span class=\"elementor-button-text\">AstraDirekt - Schlie\u00dffachvermietung<\/span>\n\t\t\t\t\t<\/span>\n\t\t\t\t\t<\/a>\n\t\t\t\t<\/div>\n\t\t\t\t\t\t\t\t<\/div>\n\t\t\t\t<\/div>\n\t\t\t\t\t<\/div>\n\t\t<\/div>\n\t\t\t\t\t<\/div>\n\t\t<\/section>\n\t\t\t\t<section class=\"elementor-section elementor-top-section elementor-element elementor-element-1d5e0c2 elementor-section-boxed elementor-section-height-default elementor-section-height-default\" data-id=\"1d5e0c2\" data-element_type=\"section\" data-e-type=\"section\">\n\t\t\t\t\t\t<div class=\"elementor-container elementor-column-gap-default\">\n\t\t\t\t\t<div class=\"elementor-column elementor-col-100 elementor-top-column elementor-element elementor-element-cb337ad\" data-id=\"cb337ad\" data-element_type=\"column\" data-e-type=\"column\">\n\t\t\t<div class=\"elementor-widget-wrap elementor-element-populated\">\n\t\t\t\t\t\t<div class=\"elementor-element elementor-element-7510bf4 elementor-widget-divider--view-line elementor-widget elementor-widget-divider\" data-id=\"7510bf4\" data-element_type=\"widget\" data-e-type=\"widget\" data-widget_type=\"divider.default\">\n\t\t\t\t<div class=\"elementor-widget-container\">\n\t\t\t\t\t\t\t<div class=\"elementor-divider\">\n\t\t\t<span class=\"elementor-divider-separator\">\n\t\t\t\t\t\t<\/span>\n\t\t<\/div>\n\t\t\t\t\t\t<\/div>\n\t\t\t\t<\/div>\n\t\t\t\t\t<\/div>\n\t\t<\/div>\n\t\t\t\t\t<\/div>\n\t\t<\/section>\n\t\t\t\t<section class=\"elementor-section elementor-top-section elementor-element elementor-element-119bc15 elementor-section-boxed elementor-section-height-default elementor-section-height-default\" data-id=\"119bc15\" data-element_type=\"section\" data-e-type=\"section\">\n\t\t\t\t\t\t<div class=\"elementor-container elementor-column-gap-default\">\n\t\t\t\t\t<div class=\"elementor-column elementor-col-100 elementor-top-column elementor-element elementor-element-eed15b1\" data-id=\"eed15b1\" data-element_type=\"column\" data-e-type=\"column\">\n\t\t\t<div class=\"elementor-widget-wrap elementor-element-populated\">\n\t\t\t\t\t\t<div class=\"elementor-element elementor-element-43e0b77 elementor-widget elementor-widget-image\" data-id=\"43e0b77\" data-element_type=\"widget\" data-e-type=\"widget\" data-widget_type=\"image.default\">\n\t\t\t\t<div class=\"elementor-widget-container\">\n\t\t\t\t\t\t\t\t\t\t\t\t\t\t\t<img fetchpriority=\"high\" decoding=\"async\" width=\"1024\" height=\"576\" src=\"https:\/\/www.leg-uelzen.de\/wp-content\/uploads\/2021\/02\/LEG_Spind-1024x576-1.jpg\" class=\"attachment-large size-large wp-image-2466\" alt=\"\" srcset=\"https:\/\/www.leg-uelzen.de\/wp-content\/uploads\/2021\/02\/LEG_Spind-1024x576-1.jpg 1024w, https:\/\/www.leg-uelzen.de\/wp-content\/uploads\/2021\/02\/LEG_Spind-1024x576-1-300x169.jpg 300w, https:\/\/www.leg-uelzen.de\/wp-content\/uploads\/2021\/02\/LEG_Spind-1024x576-1-768x432.jpg 768w, https:\/\/www.leg-uelzen.de\/wp-content\/uploads\/2021\/02\/LEG_Spind-1024x576-1-800x450.jpg 800w\" sizes=\"(max-width: 1024px) 100vw, 1024px\" \/>\t\t\t\t\t\t\t\t\t\t\t\t\t\t\t<\/div>\n\t\t\t\t<\/div>\n\t\t\t\t\t<\/div>\n\t\t<\/div>\n\t\t\t\t\t<\/div>\n\t\t<\/section>\n\t\t\t\t<\/div>\n\t\t","protected":false},"excerpt":{"rendered":"<p>Hinweise zum eigenen Schlie\u00dffach Die Schlie\u00dff\u00e4cher befinden sich im Keller der Schule und sind \u00fcber die LeGeria sowie die Freitreppe zu erreichen. Alle wichtigen Information rund um dein Schlie\u00dffach findest&hellip;<\/p>\n","protected":false},"author":1,"featured_media":0,"parent":0,"menu_order":0,"comment_status":"closed","ping_status":"closed","template":"","meta":{"footnotes":""},"class_list":["post-2461","page","type-page","status-publish","hentry"],"_links":{"self":[{"href":"https:\/\/www.leg-uelzen.de\/index.php?rest_route=\/wp\/v2\/pages\/2461","targetHints":{"allow":["GET"]}}],"collection":[{"href":"https:\/\/www.leg-uelzen.de\/index.php?rest_route=\/wp\/v2\/pages"}],"about":[{"href":"https:\/\/www.leg-uelzen.de\/index.php?rest_route=\/wp\/v2\/types\/page"}],"author":[{"embeddable":true,"href":"https:\/\/www.leg-uelzen.de\/index.php?rest_route=\/wp\/v2\/users\/1"}],"replies":[{"embeddable":true,"href":"https:\/\/www.leg-uelzen.de\/index.php?rest_route=%2Fwp%2Fv2%2Fcomments&post=2461"}],"version-history":[{"count":7,"href":"https:\/\/www.leg-uelzen.de\/index.php?rest_route=\/wp\/v2\/pages\/2461\/revisions"}],"predecessor-version":[{"id":2469,"href":"https:\/\/www.leg-uelzen.de\/index.php?rest_route=\/wp\/v2\/pages\/2461\/revisions\/2469"}],"wp:attachment":[{"href":"https:\/\/www.leg-uelzen.de\/index.php?rest_route=%2Fwp%2Fv2%2Fmedia&parent=2461"}],"curies":[{"name":"wp","href":"https:\/\/api.w.org\/{rel}","templated":true}]}}