{"id":2475,"date":"2021-02-02T11:43:08","date_gmt":"2021-02-02T10:43:08","guid":{"rendered":"https:\/\/www.leg-uelzen.de\/?page_id=2475"},"modified":"2021-02-02T12:01:21","modified_gmt":"2021-02-02T11:01:21","slug":"schulbuchausleihe","status":"publish","type":"page","link":"https:\/\/www.leg-uelzen.de\/?page_id=2475","title":{"rendered":"Schulbuchausleihe"},"content":{"rendered":"\t\t<div data-elementor-type=\"wp-page\" data-elementor-id=\"2475\" class=\"elementor elementor-2475\">\n\t\t\t\t\t\t<section class=\"elementor-section elementor-top-section elementor-element elementor-element-bc59136 elementor-section-boxed elementor-section-height-default elementor-section-height-default\" data-id=\"bc59136\" data-element_type=\"section\" data-e-type=\"section\">\n\t\t\t\t\t\t<div class=\"elementor-container elementor-column-gap-default\">\n\t\t\t\t\t<div class=\"elementor-column elementor-col-100 elementor-top-column elementor-element elementor-element-c78fa67\" data-id=\"c78fa67\" data-element_type=\"column\" data-e-type=\"column\">\n\t\t\t<div class=\"elementor-widget-wrap elementor-element-populated\">\n\t\t\t\t\t\t<div class=\"elementor-element elementor-element-0e099ee elementor-widget elementor-widget-text-editor\" data-id=\"0e099ee\" data-element_type=\"widget\" data-e-type=\"widget\" data-widget_type=\"text-editor.default\">\n\t\t\t\t<div class=\"elementor-widget-container\">\n\t\t\t\t\t\t\t\t\t<h3 style=\"text-align: center;\">Am Lessing-Gymnasium bieten wir die individualisierte entgeltliche Ausleihe von Lernmitteln an. Das hei\u00dft, man entscheidet online (www.legeria.de), welche Lehrb\u00fccher man selbst kaufen und welche Lehrb\u00fccher man ausleihen m\u00f6chte. Die Geb\u00fchr wird dann f\u00fcr jeden Sch\u00fcler individuell berechnet.<\/h3>\t\t\t\t\t\t\t\t<\/div>\n\t\t\t\t<\/div>\n\t\t\t\t\t<\/div>\n\t\t<\/div>\n\t\t\t\t\t<\/div>\n\t\t<\/section>\n\t\t\t\t<section class=\"elementor-section elementor-top-section elementor-element elementor-element-788a813 elementor-section-boxed elementor-section-height-default elementor-section-height-default\" data-id=\"788a813\" data-element_type=\"section\" data-e-type=\"section\">\n\t\t\t\t\t\t<div class=\"elementor-container elementor-column-gap-default\">\n\t\t\t\t\t<div class=\"elementor-column elementor-col-100 elementor-top-column elementor-element elementor-element-bdc6598\" data-id=\"bdc6598\" data-element_type=\"column\" data-e-type=\"column\">\n\t\t\t<div class=\"elementor-widget-wrap elementor-element-populated\">\n\t\t\t\t\t\t<div class=\"elementor-element elementor-element-996caf2 elementor-widget-divider--view-line elementor-widget elementor-widget-divider\" data-id=\"996caf2\" data-element_type=\"widget\" data-e-type=\"widget\" data-widget_type=\"divider.default\">\n\t\t\t\t<div class=\"elementor-widget-container\">\n\t\t\t\t\t\t\t<div class=\"elementor-divider\">\n\t\t\t<span class=\"elementor-divider-separator\">\n\t\t\t\t\t\t<\/span>\n\t\t<\/div>\n\t\t\t\t\t\t<\/div>\n\t\t\t\t<\/div>\n\t\t\t\t\t<\/div>\n\t\t<\/div>\n\t\t\t\t\t<\/div>\n\t\t<\/section>\n\t\t\t\t<section class=\"elementor-section elementor-top-section elementor-element elementor-element-39d96de elementor-section-boxed elementor-section-height-default elementor-section-height-default\" data-id=\"39d96de\" data-element_type=\"section\" data-e-type=\"section\">\n\t\t\t\t\t\t<div class=\"elementor-container elementor-column-gap-default\">\n\t\t\t\t\t<div class=\"elementor-column elementor-col-100 elementor-top-column elementor-element elementor-element-f65f598\" data-id=\"f65f598\" data-element_type=\"column\" data-e-type=\"column\">\n\t\t\t<div class=\"elementor-widget-wrap elementor-element-populated\">\n\t\t\t\t\t\t<div class=\"elementor-element elementor-element-54ec9f3 elementor-widget elementor-widget-accordion\" data-id=\"54ec9f3\" data-element_type=\"widget\" data-e-type=\"widget\" data-widget_type=\"accordion.default\">\n\t\t\t\t<div class=\"elementor-widget-container\">\n\t\t\t\t\t\t\t<div class=\"elementor-accordion\">\n\t\t\t\t\t\t\t<div class=\"elementor-accordion-item\">\n\t\t\t\t\t<div id=\"elementor-tab-title-8901\" class=\"elementor-tab-title\" data-tab=\"1\" role=\"button\" aria-controls=\"elementor-tab-content-8901\" aria-expanded=\"false\">\n\t\t\t\t\t\t\t\t\t\t\t\t\t<span class=\"elementor-accordion-icon elementor-accordion-icon-left\" aria-hidden=\"true\">\n\t\t\t\t\t\t\t\t\t\t\t\t\t\t\t<span class=\"elementor-accordion-icon-closed\"><i class=\"fas fa-plus\"><\/i><\/span>\n\t\t\t\t\t\t\t\t<span class=\"elementor-accordion-icon-opened\"><i class=\"fas fa-minus\"><\/i><\/span>\n\t\t\t\t\t\t\t\t\t\t\t\t\t\t<\/span>\n\t\t\t\t\t\t\t\t\t\t\t\t<a class=\"elementor-accordion-title\" tabindex=\"0\">Wie funktioniert die Schulbuchausleihe?<\/a>\n\t\t\t\t\t<\/div>\n\t\t\t\t\t<div id=\"elementor-tab-content-8901\" class=\"elementor-tab-content elementor-clearfix\" data-tab=\"1\" role=\"region\" aria-labelledby=\"elementor-tab-title-8901\"><p>An diesem Online-Verfahren, das vor den Sommerferien stattfindet, nimmt jeder Sch\u00fcler teil, auch wenn er alle Lehrb\u00fccher selbst kauft. Der R\u00fcckmeldezettel mit Barcode, den man nach der Eingabe auf der Internetseite als pdf-Datei ausdrucken und abgeben kann, ist wichtig, da alle Sch\u00fcler im System erfasst werden m\u00fcssen. Die zu Hause eingegebenen Daten sind nicht f\u00fcr die Schule einsehbar und werden nicht automatisch in das Schulsystem \u00fcbertragen. Die wichtigen Informationen erh\u00e4lt die Schule nur \u00fcber den Barcode.<br \/>Die Ausgabe der Schulb\u00fccher erfolgt direkt nach den Sommerferien.<br \/>Angaben \u00fcber notwendige Anschaffungen, wie z.B. Arbeitshefte, Atlas, Formelsammlung usw. erfolgen nicht \u00fcber die Schulbuchausleihe.<br \/>Organisiert sowie durchgef\u00fchrt wird die Schulbuchausleihe von der Lehrkraft Frau Kurth unterst\u00fctzt durch die Bibliothekarin Frau Mewes.<\/p><\/div>\n\t\t\t\t<\/div>\n\t\t\t\t\t\t\t<div class=\"elementor-accordion-item\">\n\t\t\t\t\t<div id=\"elementor-tab-title-8902\" class=\"elementor-tab-title\" data-tab=\"2\" role=\"button\" aria-controls=\"elementor-tab-content-8902\" aria-expanded=\"false\">\n\t\t\t\t\t\t\t\t\t\t\t\t\t<span class=\"elementor-accordion-icon elementor-accordion-icon-left\" aria-hidden=\"true\">\n\t\t\t\t\t\t\t\t\t\t\t\t\t\t\t<span class=\"elementor-accordion-icon-closed\"><i class=\"fas fa-plus\"><\/i><\/span>\n\t\t\t\t\t\t\t\t<span class=\"elementor-accordion-icon-opened\"><i class=\"fas fa-minus\"><\/i><\/span>\n\t\t\t\t\t\t\t\t\t\t\t\t\t\t<\/span>\n\t\t\t\t\t\t\t\t\t\t\t\t<a class=\"elementor-accordion-title\" tabindex=\"0\">Wie bezahle ich die B\u00fccher?<\/a>\n\t\t\t\t\t<\/div>\n\t\t\t\t\t<div id=\"elementor-tab-content-8902\" class=\"elementor-tab-content elementor-clearfix\" data-tab=\"2\" role=\"region\" aria-labelledby=\"elementor-tab-title-8902\"><p>Am Ende der Online-Verfahrens muss das Anmeldeformular ausgedruckt und und in der Schule abgegeben werden. Die individuell berechnete Schulbuchgeb\u00fchr sollte noch vor den Sommerferien auf das angegebene Konto \u00fcberwiesen werden.<\/p><\/div>\n\t\t\t\t<\/div>\n\t\t\t\t\t\t\t<div class=\"elementor-accordion-item\">\n\t\t\t\t\t<div id=\"elementor-tab-title-8903\" class=\"elementor-tab-title\" data-tab=\"3\" role=\"button\" aria-controls=\"elementor-tab-content-8903\" aria-expanded=\"false\">\n\t\t\t\t\t\t\t\t\t\t\t\t\t<span class=\"elementor-accordion-icon elementor-accordion-icon-left\" aria-hidden=\"true\">\n\t\t\t\t\t\t\t\t\t\t\t\t\t\t\t<span class=\"elementor-accordion-icon-closed\"><i class=\"fas fa-plus\"><\/i><\/span>\n\t\t\t\t\t\t\t\t<span class=\"elementor-accordion-icon-opened\"><i class=\"fas fa-minus\"><\/i><\/span>\n\t\t\t\t\t\t\t\t\t\t\t\t\t\t<\/span>\n\t\t\t\t\t\t\t\t\t\t\t\t<a class=\"elementor-accordion-title\" tabindex=\"0\">Wie wird die Schulbuchausleihe finanziell unterst\u00fctzt?<\/a>\n\t\t\t\t\t<\/div>\n\t\t\t\t\t<div id=\"elementor-tab-content-8903\" class=\"elementor-tab-content elementor-clearfix\" data-tab=\"3\" role=\"region\" aria-labelledby=\"elementor-tab-title-8903\"><p><span style=\"text-decoration: underline;\">Die Teilnahme an dem Ausleihverfahren ist freiwillig.<\/span> <br \/>Familien mit mehr als zwei schulpflichtigen Kindern zahlen 80% der jeweiligen Geb\u00fchr.<strong> Bitte achten Sie bei der Online-Anmeldung auf die entsprechende Angabe.<\/strong><\/p><p>Laut Erlass des Kultusministers vom 11.03.2005 in der z.Zt. g\u00fcltigen Fassung sind von der Zahlung des Entgelts f\u00fcr die Ausleihe freigestellt:<\/p><ul><li>Leistungsberechtigte nach dem Sozialgesetzbuch Zweites Buch \u2013 Grundsicherung f\u00fcr Arbeit Suchende<\/li><li>Heim- und Pflegekinder<\/li><li>Sozialhilfeempf\u00e4nger nach dem Sozialgesetzbuch \u2013 Zw\u00f6lftes Buch<\/li><li>Empf\u00e4nger von Kinderzuschlag nach \u00a7 6a Bundeskindergeldgesetz<\/li><li>Empf\u00e4nger von Wohngeld nach dem Wohngeldgesetz, wenn durch Zahlung des Wohngeldes die Grundsicherung f\u00fcr Arbeit Suchende bzw. die Sozialhilfe vermieden werden<\/li><li>Leistungsberechtigte nach dem Asylbewerberleistungsgesetz.<\/li><\/ul><p>\u00a0<\/p><p><strong>Die Berechtigung zur Freistellung von der Geb\u00fchr muss durch Vorlage des Leistungsbescheides oder einer Bescheinigung des Leistungstr\u00e4gers nachgewiesen werden. Bitte achten Sie bei der Online-Anmeldung auf die entsprechende Angabe.<\/strong><\/p><\/div>\n\t\t\t\t<\/div>\n\t\t\t\t\t\t\t\t<\/div>\n\t\t\t\t\t\t<\/div>\n\t\t\t\t<\/div>\n\t\t\t\t\t<\/div>\n\t\t<\/div>\n\t\t\t\t\t<\/div>\n\t\t<\/section>\n\t\t\t\t<section class=\"elementor-section elementor-top-section elementor-element elementor-element-3cb00a0 elementor-section-boxed elementor-section-height-default elementor-section-height-default\" data-id=\"3cb00a0\" data-element_type=\"section\" data-e-type=\"section\">\n\t\t\t\t\t\t<div class=\"elementor-container elementor-column-gap-default\">\n\t\t\t\t\t<div class=\"elementor-column elementor-col-100 elementor-top-column elementor-element elementor-element-d22daae\" data-id=\"d22daae\" data-element_type=\"column\" data-e-type=\"column\">\n\t\t\t<div class=\"elementor-widget-wrap elementor-element-populated\">\n\t\t\t\t\t\t<div class=\"elementor-element elementor-element-b035e4b elementor-widget-divider--view-line elementor-widget elementor-widget-divider\" data-id=\"b035e4b\" data-element_type=\"widget\" data-e-type=\"widget\" data-widget_type=\"divider.default\">\n\t\t\t\t<div class=\"elementor-widget-container\">\n\t\t\t\t\t\t\t<div class=\"elementor-divider\">\n\t\t\t<span class=\"elementor-divider-separator\">\n\t\t\t\t\t\t<\/span>\n\t\t<\/div>\n\t\t\t\t\t\t<\/div>\n\t\t\t\t<\/div>\n\t\t\t\t\t<\/div>\n\t\t<\/div>\n\t\t\t\t\t<\/div>\n\t\t<\/section>\n\t\t\t\t<section class=\"elementor-section elementor-top-section elementor-element elementor-element-c153314 elementor-section-boxed elementor-section-height-default elementor-section-height-default\" data-id=\"c153314\" data-element_type=\"section\" data-e-type=\"section\">\n\t\t\t\t\t\t<div class=\"elementor-container elementor-column-gap-default\">\n\t\t\t\t\t<div class=\"elementor-column elementor-col-100 elementor-top-column elementor-element elementor-element-4f6b287\" data-id=\"4f6b287\" data-element_type=\"column\" data-e-type=\"column\">\n\t\t\t<div class=\"elementor-widget-wrap elementor-element-populated\">\n\t\t\t\t\t\t<div class=\"elementor-element elementor-element-2429bd5 elementor-align-center elementor-widget elementor-widget-button\" data-id=\"2429bd5\" data-element_type=\"widget\" data-e-type=\"widget\" data-widget_type=\"button.default\">\n\t\t\t\t<div class=\"elementor-widget-container\">\n\t\t\t\t\t\t\t\t\t<div class=\"elementor-button-wrapper\">\n\t\t\t\t\t<a class=\"elementor-button elementor-button-link elementor-size-md\" href=\"#\">\n\t\t\t\t\t\t<span class=\"elementor-button-content-wrapper\">\n\t\t\t\t\t\t\t\t\t<span class=\"elementor-button-text\">BaBeSk - Schulbuchausleihe<\/span>\n\t\t\t\t\t<\/span>\n\t\t\t\t\t<\/a>\n\t\t\t\t<\/div>\n\t\t\t\t\t\t\t\t<\/div>\n\t\t\t\t<\/div>\n\t\t\t\t\t<\/div>\n\t\t<\/div>\n\t\t\t\t\t<\/div>\n\t\t<\/section>\n\t\t\t\t<section class=\"elementor-section elementor-top-section elementor-element elementor-element-c0afd15 elementor-section-boxed elementor-section-height-default elementor-section-height-default\" data-id=\"c0afd15\" data-element_type=\"section\" data-e-type=\"section\">\n\t\t\t\t\t\t<div class=\"elementor-container elementor-column-gap-default\">\n\t\t\t\t\t<div class=\"elementor-column elementor-col-100 elementor-top-column elementor-element elementor-element-8959aad\" data-id=\"8959aad\" data-element_type=\"column\" data-e-type=\"column\">\n\t\t\t<div class=\"elementor-widget-wrap elementor-element-populated\">\n\t\t\t\t\t\t<div class=\"elementor-element elementor-element-5327fa3 elementor-widget-divider--view-line elementor-widget elementor-widget-divider\" data-id=\"5327fa3\" data-element_type=\"widget\" data-e-type=\"widget\" data-widget_type=\"divider.default\">\n\t\t\t\t<div class=\"elementor-widget-container\">\n\t\t\t\t\t\t\t<div class=\"elementor-divider\">\n\t\t\t<span class=\"elementor-divider-separator\">\n\t\t\t\t\t\t<\/span>\n\t\t<\/div>\n\t\t\t\t\t\t<\/div>\n\t\t\t\t<\/div>\n\t\t\t\t\t<\/div>\n\t\t<\/div>\n\t\t\t\t\t<\/div>\n\t\t<\/section>\n\t\t\t\t<\/div>\n\t\t","protected":false},"excerpt":{"rendered":"<p>Am Lessing-Gymnasium bieten wir die individualisierte entgeltliche Ausleihe von Lernmitteln an. Das hei\u00dft, man entscheidet online (www.legeria.de), welche Lehrb\u00fccher man selbst kaufen und welche Lehrb\u00fccher man ausleihen m\u00f6chte. Die Geb\u00fchr&hellip;<\/p>\n","protected":false},"author":1,"featured_media":0,"parent":0,"menu_order":0,"comment_status":"closed","ping_status":"closed","template":"","meta":{"footnotes":""},"class_list":["post-2475","page","type-page","status-publish","hentry"],"_links":{"self":[{"href":"https:\/\/www.leg-uelzen.de\/index.php?rest_route=\/wp\/v2\/pages\/2475","targetHints":{"allow":["GET"]}}],"collection":[{"href":"https:\/\/www.leg-uelzen.de\/index.php?rest_route=\/wp\/v2\/pages"}],"about":[{"href":"https:\/\/www.leg-uelzen.de\/index.php?rest_route=\/wp\/v2\/types\/page"}],"author":[{"embeddable":true,"href":"https:\/\/www.leg-uelzen.de\/index.php?rest_route=\/wp\/v2\/users\/1"}],"replies":[{"embeddable":true,"href":"https:\/\/www.leg-uelzen.de\/index.php?rest_route=%2Fwp%2Fv2%2Fcomments&post=2475"}],"version-history":[{"count":3,"href":"https:\/\/www.leg-uelzen.de\/index.php?rest_route=\/wp\/v2\/pages\/2475\/revisions"}],"predecessor-version":[{"id":2478,"href":"https:\/\/www.leg-uelzen.de\/index.php?rest_route=\/wp\/v2\/pages\/2475\/revisions\/2478"}],"wp:attachment":[{"href":"https:\/\/www.leg-uelzen.de\/index.php?rest_route=%2Fwp%2Fv2%2Fmedia&parent=2475"}],"curies":[{"name":"wp","href":"https:\/\/api.w.org\/{rel}","templated":true}]}}