{"id":3541,"date":"2021-10-14T16:23:47","date_gmt":"2021-10-14T14:23:47","guid":{"rendered":"https:\/\/www.leg-uelzen.de\/?page_id=3541"},"modified":"2025-09-24T17:51:13","modified_gmt":"2025-09-24T15:51:13","slug":"elementor-3541","status":"publish","type":"page","link":"https:\/\/www.leg-uelzen.de\/?page_id=3541","title":{"rendered":"Beratungslehrkr\u00e4fte"},"content":{"rendered":"\t\t<div data-elementor-type=\"wp-page\" data-elementor-id=\"3541\" class=\"elementor elementor-3541\">\n\t\t\t\t\t\t<section class=\"elementor-section elementor-top-section elementor-element elementor-element-51aea85 elementor-section-boxed elementor-section-height-default elementor-section-height-default\" data-id=\"51aea85\" data-element_type=\"section\" data-e-type=\"section\">\n\t\t\t\t\t\t<div class=\"elementor-container elementor-column-gap-default\">\n\t\t\t\t\t<div class=\"elementor-column elementor-col-100 elementor-top-column elementor-element elementor-element-7caaf9c\" data-id=\"7caaf9c\" data-element_type=\"column\" data-e-type=\"column\">\n\t\t\t<div class=\"elementor-widget-wrap elementor-element-populated\">\n\t\t\t\t\t\t<div class=\"elementor-element elementor-element-5707bb4 elementor-widget elementor-widget-text-editor\" data-id=\"5707bb4\" data-element_type=\"widget\" data-e-type=\"widget\" data-widget_type=\"text-editor.default\">\n\t\t\t\t<div class=\"elementor-widget-container\">\n\t\t\t\t\t\t\t\t\t<div><h1>Beratungslehrkr\u00e4fte am Lessing-Gymnasium<\/h1><p>\u00a0<\/p><\/div><div><h2>Wer ist das?\u00a0<\/h2><\/div><div><p>Es gibt am Lessing-Gymnasium zwei speziell ausgebildete Beratungslehrkr\u00e4fte, die allen zur Verf\u00fcgung stehen, die ein Problem haben und Unterst\u00fctzung suchen. Dieses Angebot gilt f\u00fcr Sch\u00fclerinnen und Sch\u00fcler ebenso wie f\u00fcr Eltern sowie Lehrerinnen und Lehrer.\u00a0<\/p><\/div><div><p>Unsere Beratungslehrkr\u00e4fte sind<strong>\u00a0Frau He\u00df<\/strong> und <strong>Herr Holmes<\/strong>.\u00a0<\/p><p>\u00a0<\/p><\/div><div><h2>Wie funktioniert Beratung?\u00a0<\/h2><\/div><div><p>Am besten macht man mit einer der Beratungslehrkr\u00e4fte einen Termin aus, man kann aber auch direkt in die Sprechstunde kommen.<\/p><\/div><div><p>Dort kann man alles besprechen, weil die Beratungslehrkr\u00e4fte zur Verschwiegenheit verpflichtet sind. Sie sagen also nichts weiter.<\/p><\/div><div><p>Zusammen kann man dann versuchen, L\u00f6sungen zu finden oder die Situation zu verbessern.<\/p><\/div><div><p>Wichtig: Die Beratung ist immer freiwillig. Niemand wird zu etwas gezwungen und die Beratungslehrkraft tut nichts gegen den Willen des Ratsuchenden.<\/p><p>\u00a0<\/p><\/div><div><h2>Wann und wo sind die Sprechstunden?\u00a0<\/h2><\/div><div><p>Frau He\u00df: freitags, 5. Stunde (11:25 \u2013 12:10 Uhr ) in Raum 104\u00a0<\/p><\/div><div><p>Herr Holmes: mittwochs, 4. Stunde (10:20 \u2013 11:05 Uhr) in Raum 104\u00a0<\/p><\/div><div><p>Es sind auch andere Termine m\u00f6glich, dazu muss man sich nur kurz verabreden.\u00a0<\/p><p>\u00a0<\/p><\/div><div><h2>Welche Kontaktm\u00f6glichkeiten gibt es?<\/h2><\/div><div><p>Man kann beide Beratungslehrkr\u00e4fte auf \u201eMS Teams\u201c im Chat anschreiben oder per E-Mail an:<\/p><\/div><div><p><a href=\"mailto:jutta.hess@leg-uelzen.de\" target=\"_blank\" rel=\"noopener\">jutta.hess@leg-uelzen.de<\/a><\/p><\/div><div><p><a href=\"mailto:norman.holmes@leg-uelzen.de\" target=\"_blank\" rel=\"noopener\">norman.holmes@leg-uelzen.de<\/a><\/p><\/div><div><p>Oder man ruft im Sekretariat an und hinterl\u00e4sst Namen und Telefonnummer, dann rufen die Beratungslehrkr\u00e4fte\u00a0zur\u00fcck.\u00a0<\/p><\/div>\t\t\t\t\t\t\t\t<\/div>\n\t\t\t\t<\/div>\n\t\t\t\t\t<\/div>\n\t\t<\/div>\n\t\t\t\t\t<\/div>\n\t\t<\/section>\n\t\t\t\t<\/div>\n\t\t","protected":false},"excerpt":{"rendered":"<p>Beratungslehrkr\u00e4fte am Lessing-Gymnasium \u00a0 Wer ist das?\u00a0 Es gibt am Lessing-Gymnasium zwei speziell ausgebildete Beratungslehrkr\u00e4fte, die allen zur Verf\u00fcgung stehen, die ein Problem haben und Unterst\u00fctzung suchen. Dieses Angebot gilt&hellip;<\/p>\n","protected":false},"author":1,"featured_media":0,"parent":0,"menu_order":0,"comment_status":"closed","ping_status":"closed","template":"","meta":{"footnotes":""},"class_list":["post-3541","page","type-page","status-publish","hentry"],"_links":{"self":[{"href":"https:\/\/www.leg-uelzen.de\/index.php?rest_route=\/wp\/v2\/pages\/3541","targetHints":{"allow":["GET"]}}],"collection":[{"href":"https:\/\/www.leg-uelzen.de\/index.php?rest_route=\/wp\/v2\/pages"}],"about":[{"href":"https:\/\/www.leg-uelzen.de\/index.php?rest_route=\/wp\/v2\/types\/page"}],"author":[{"embeddable":true,"href":"https:\/\/www.leg-uelzen.de\/index.php?rest_route=\/wp\/v2\/users\/1"}],"replies":[{"embeddable":true,"href":"https:\/\/www.leg-uelzen.de\/index.php?rest_route=%2Fwp%2Fv2%2Fcomments&post=3541"}],"version-history":[{"count":25,"href":"https:\/\/www.leg-uelzen.de\/index.php?rest_route=\/wp\/v2\/pages\/3541\/revisions"}],"predecessor-version":[{"id":6255,"href":"https:\/\/www.leg-uelzen.de\/index.php?rest_route=\/wp\/v2\/pages\/3541\/revisions\/6255"}],"wp:attachment":[{"href":"https:\/\/www.leg-uelzen.de\/index.php?rest_route=%2Fwp%2Fv2%2Fmedia&parent=3541"}],"curies":[{"name":"wp","href":"https:\/\/api.w.org\/{rel}","templated":true}]}}