{"id":430,"date":"2020-01-23T16:21:33","date_gmt":"2020-01-23T15:21:33","guid":{"rendered":"https:\/\/www.leg-uelzen.de\/digi\/gruppe4\/?page_id=430"},"modified":"2026-04-21T12:51:49","modified_gmt":"2026-04-21T10:51:49","slug":"ags","status":"publish","type":"page","link":"https:\/\/www.leg-uelzen.de\/?page_id=430","title":{"rendered":"AGs"},"content":{"rendered":"\t\t<div data-elementor-type=\"wp-page\" data-elementor-id=\"430\" class=\"elementor elementor-430\">\n\t\t\t\t\t\t<section class=\"elementor-section elementor-top-section elementor-element elementor-element-d51cf25 elementor-section-boxed elementor-section-height-default elementor-section-height-default\" data-id=\"d51cf25\" data-element_type=\"section\" data-e-type=\"section\">\n\t\t\t\t\t\t<div class=\"elementor-container elementor-column-gap-default\">\n\t\t\t\t\t<div class=\"elementor-column elementor-col-100 elementor-top-column elementor-element elementor-element-3f4596b\" data-id=\"3f4596b\" data-element_type=\"column\" data-e-type=\"column\">\n\t\t\t<div class=\"elementor-widget-wrap elementor-element-populated\">\n\t\t\t\t\t\t<div class=\"elementor-element elementor-element-2a83db9 elementor-widget elementor-widget-heading\" data-id=\"2a83db9\" data-element_type=\"widget\" data-e-type=\"widget\" data-widget_type=\"heading.default\">\n\t\t\t\t<div class=\"elementor-widget-container\">\n\t\t\t\t\t<h2 class=\"elementor-heading-title elementor-size-default\">Arbeitsgemeinschaften am LeG<\/h2>\t\t\t\t<\/div>\n\t\t\t\t<\/div>\n\t\t\t\t\t<\/div>\n\t\t<\/div>\n\t\t\t\t\t<\/div>\n\t\t<\/section>\n\t\t\t\t<section class=\"elementor-section elementor-top-section elementor-element elementor-element-e3571c0 elementor-section-boxed elementor-section-height-default elementor-section-height-default\" data-id=\"e3571c0\" data-element_type=\"section\" data-e-type=\"section\">\n\t\t\t\t\t\t<div class=\"elementor-container elementor-column-gap-default\">\n\t\t\t\t\t<div class=\"elementor-column elementor-col-100 elementor-top-column elementor-element elementor-element-df1e467\" data-id=\"df1e467\" data-element_type=\"column\" data-e-type=\"column\">\n\t\t\t<div class=\"elementor-widget-wrap elementor-element-populated\">\n\t\t\t\t\t\t<div class=\"elementor-element elementor-element-b26ef64 elementor-widget elementor-widget-heading\" data-id=\"b26ef64\" data-element_type=\"widget\" data-e-type=\"widget\" data-widget_type=\"heading.default\">\n\t\t\t\t<div class=\"elementor-widget-container\">\n\t\t\t\t\t<h3 class=\"elementor-heading-title elementor-size-default\">Theater-AG<\/h3>\t\t\t\t<\/div>\n\t\t\t\t<\/div>\n\t\t\t\t\t<\/div>\n\t\t<\/div>\n\t\t\t\t\t<\/div>\n\t\t<\/section>\n\t\t\t\t<section class=\"elementor-section elementor-top-section elementor-element elementor-element-246d6b6 elementor-section-boxed elementor-section-height-default elementor-section-height-default\" data-id=\"246d6b6\" data-element_type=\"section\" data-e-type=\"section\">\n\t\t\t\t\t\t<div class=\"elementor-container elementor-column-gap-default\">\n\t\t\t\t\t<div class=\"elementor-column elementor-col-100 elementor-top-column elementor-element elementor-element-d66c4cf\" data-id=\"d66c4cf\" data-element_type=\"column\" data-e-type=\"column\">\n\t\t\t<div class=\"elementor-widget-wrap elementor-element-populated\">\n\t\t\t\t\t\t<div class=\"elementor-element elementor-element-1b81615 elementor-widget elementor-widget-text-editor\" data-id=\"1b81615\" data-element_type=\"widget\" data-e-type=\"widget\" data-widget_type=\"text-editor.default\">\n\t\t\t\t<div class=\"elementor-widget-container\">\n\t\t\t\t\t\t\t\t\t<p><strong><span class=\"TextRun SCXW40855976 BCX4\" lang=\"DE-DE\" xml:lang=\"DE-DE\" data-contrast=\"auto\"><span class=\"NormalTextRun SCXW40855976 BCX4\">\u201eRuhe <\/span><\/span><span class=\"TextRun SCXW40855976 BCX4\" lang=\"DE-DE\" xml:lang=\"DE-DE\" data-contrast=\"auto\"><span class=\"NormalTextRun SCXW40855976 BCX4\">hinter<\/span><\/span><span class=\"TextRun SCXW40855976 BCX4\" lang=\"DE-DE\" xml:lang=\"DE-DE\" data-contrast=\"auto\"><span class=\"NormalTextRun SCXW40855976 BCX4\"> der B\u00fchne! Ruhe <\/span><\/span><span class=\"TextRun SCXW40855976 BCX4\" lang=\"DE-DE\" xml:lang=\"DE-DE\" data-contrast=\"auto\"><span class=\"NormalTextRun SCXW40855976 BCX4\">vor<\/span><\/span><span class=\"TextRun SCXW40855976 BCX4\" lang=\"DE-DE\" xml:lang=\"DE-DE\" data-contrast=\"auto\"><span class=\"NormalTextRun SCXW40855976 BCX4\"> der B\u00fchne! 3 \u2013 2 <\/span><span class=\"NormalTextRun SCXW40855976 BCX4\">\u2013<\/span> <span class=\"NormalTextRun SCXW40855976 BCX4\">1 \u2013 Los<\/span><span class=\"NormalTextRun SCXW40855976 BCX4\">!\u201c\u00a0<\/span><\/span><span class=\"EOP Selected SCXW40855976 BCX4\" data-ccp-props=\"{}\">\u00a0<\/span><\/strong><\/p><p><span class=\"TextRun SCXW147587480 BCX4\" lang=\"DE-DE\" xml:lang=\"DE-DE\" data-contrast=\"auto\"><span class=\"NormalTextRun SCXW147587480 BCX4\">Sich in verschiedensten Rollen auszuprobieren<\/span><span class=\"NormalTextRun SCXW147587480 BCX4\">, den eigenen K\u00f6rper und die Sprache <\/span><span class=\"NormalTextRun SCXW147587480 BCX4\">vor einem<\/span><span class=\"NormalTextRun SCXW147587480 BCX4\"> gro\u00dfen<\/span><span class=\"NormalTextRun SCXW147587480 BCX4\"> Publikum zu pr\u00e4sentieren, Lampenfieber zu sp\u00fcren und zu \u00fcberstehe<\/span><span class=\"NormalTextRun SCXW147587480 BCX4\">n, Gemeinsamkeit zu <\/span><span class=\"NormalTextRun SCXW147587480 BCX4\">erfahren<\/span><span class=\"NormalTextRun SCXW147587480 BCX4\">, eigene Grenzen zu \u00fcberwinden <\/span><span class=\"NormalTextRun SCXW147587480 BCX4\">(\u201eI<\/span><span class=\"NormalTextRun SCXW147587480 BCX4\">ch h\u00e4tte nie gedacht, dass ich den ganzen Text auswendig lernen k\u00f6nnte<\/span><span class=\"NormalTextRun SCXW147587480 BCX4\">!\u201c)<\/span><span class=\"NormalTextRun SCXW147587480 BCX4\">, \u00c4ngste ab<\/span><span class=\"NormalTextRun SCXW147587480 BCX4\">zu<\/span><span class=\"NormalTextRun SCXW147587480 BCX4\">bauen und ohne Notendruck sich und den anderen <\/span><span class=\"NormalTextRun SCXW147587480 BCX4\">zu <\/span><span class=\"NormalTextRun SCXW147587480 BCX4\">beweisen<\/span><span class=\"NormalTextRun SCXW147587480 BCX4\">, <\/span><\/span><span class=\"TextRun SCXW147587480 BCX4\" lang=\"DE-DE\" xml:lang=\"DE-DE\" data-contrast=\"auto\"><span class=\"NormalTextRun SCXW147587480 BCX4\">\u201e<\/span><span class=\"NormalTextRun SCXW147587480 BCX4\">Das schaff<\/span><span class=\"NormalTextRun SCXW147587480 BCX4\">e<\/span> <span class=\"NormalTextRun SCXW147587480 BCX4\">ich!<\/span><span class=\"NormalTextRun SCXW147587480 BCX4\">\u201c<\/span><\/span><span class=\"TextRun SCXW147587480 BCX4\" lang=\"DE-DE\" xml:lang=\"DE-DE\" data-contrast=\"auto\"><span class=\"NormalTextRun SCXW147587480 BCX4\">: Dies e<\/span><span class=\"NormalTextRun SCXW147587480 BCX4\">rm\u00f6glicht <\/span><span class=\"NormalTextRun SCXW147587480 BCX4\">die Theater-AG<\/span> <span class=\"NormalTextRun SpellingErrorV2Themed SpellingErrorHighlight SCXW147587480 BCX4\">Sch\u00fcler:innen<\/span><span class=\"NormalTextRun SCXW147587480 BCX4\"> der Klassen 8 bis 13. <\/span><span class=\"NormalTextRun SCXW147587480 BCX4\">Neben <\/span><span class=\"NormalTextRun SCXW147587480 BCX4\">der Chance, <\/span><span class=\"NormalTextRun SCXW147587480 BCX4\">Schauspielerfahrung<\/span><span class=\"NormalTextRun SCXW147587480 BCX4\">en zu machen<\/span><span class=\"NormalTextRun SCXW147587480 BCX4\">,<\/span><span class=\"NormalTextRun SCXW147587480 BCX4\"> k<\/span><span class=\"NormalTextRun SCXW147587480 BCX4\">ann man sich<\/span><span class=\"NormalTextRun SCXW147587480 BCX4\"> aber auch bei Licht und Ton, B\u00fchnenbau und Kost\u00fcmen<\/span><span class=\"NormalTextRun SCXW147587480 BCX4\">, Requisiten und Maske einbringen<\/span><span class=\"NormalTextRun SCXW147587480 BCX4\"> \u2013 das Ergebnis gibt es jeweils im Fr\u00fchjahr<\/span><span class=\"NormalTextRun SCXW147587480 BCX4\"> zu sehen.<\/span><\/span><span class=\"EOP Selected SCXW147587480 BCX4\" data-ccp-props=\"{}\">\u00a0<\/span><\/p>\t\t\t\t\t\t\t\t<\/div>\n\t\t\t\t<\/div>\n\t\t\t\t\t<\/div>\n\t\t<\/div>\n\t\t\t\t\t<\/div>\n\t\t<\/section>\n\t\t\t\t<section class=\"elementor-section elementor-top-section elementor-element elementor-element-e771f97 elementor-section-boxed elementor-section-height-default elementor-section-height-default\" data-id=\"e771f97\" data-element_type=\"section\" data-e-type=\"section\">\n\t\t\t\t\t\t<div class=\"elementor-container elementor-column-gap-default\">\n\t\t\t\t\t<div class=\"elementor-column elementor-col-100 elementor-top-column elementor-element elementor-element-80a8184\" data-id=\"80a8184\" data-element_type=\"column\" data-e-type=\"column\">\n\t\t\t<div class=\"elementor-widget-wrap\">\n\t\t\t\t\t\t\t<\/div>\n\t\t<\/div>\n\t\t\t\t\t<\/div>\n\t\t<\/section>\n\t\t\t\t<section class=\"elementor-section elementor-top-section elementor-element elementor-element-435fb2a elementor-section-boxed elementor-section-height-default elementor-section-height-default\" data-id=\"435fb2a\" data-element_type=\"section\" data-e-type=\"section\">\n\t\t\t\t\t\t<div class=\"elementor-container elementor-column-gap-default\">\n\t\t\t\t\t<div class=\"elementor-column elementor-col-100 elementor-top-column elementor-element elementor-element-0a9d201\" data-id=\"0a9d201\" data-element_type=\"column\" data-e-type=\"column\">\n\t\t\t<div class=\"elementor-widget-wrap elementor-element-populated\">\n\t\t\t\t\t\t<div class=\"elementor-element elementor-element-eb02cdb elementor-arrows-position-inside elementor-pagination-position-outside elementor-widget elementor-widget-image-carousel\" data-id=\"eb02cdb\" data-element_type=\"widget\" data-e-type=\"widget\" data-settings=\"{&quot;navigation&quot;:&quot;both&quot;,&quot;autoplay&quot;:&quot;yes&quot;,&quot;pause_on_hover&quot;:&quot;yes&quot;,&quot;pause_on_interaction&quot;:&quot;yes&quot;,&quot;autoplay_speed&quot;:5000,&quot;infinite&quot;:&quot;yes&quot;,&quot;speed&quot;:500}\" data-widget_type=\"image-carousel.default\">\n\t\t\t\t<div class=\"elementor-widget-container\">\n\t\t\t\t\t\t\t<div class=\"elementor-image-carousel-wrapper swiper\" role=\"region\" aria-roledescription=\"carousel\" aria-label=\"Bild Karussell\" dir=\"ltr\">\n\t\t\t<div class=\"elementor-image-carousel swiper-wrapper\" aria-live=\"off\">\n\t\t\t\t\t\t\t\t<div class=\"swiper-slide\" role=\"group\" aria-roledescription=\"slide\" aria-label=\"1 von 5\"><a data-elementor-open-lightbox=\"yes\" data-elementor-lightbox-slideshow=\"eb02cdb\" data-elementor-lightbox-title=\"Image (4)\" data-e-action-hash=\"#elementor-action%3Aaction%3Dlightbox%26settings%3DeyJpZCI6NjYwMywidXJsIjoiaHR0cHM6XC9cL3d3dy5sZWctdWVsemVuLmRlXC93cC1jb250ZW50XC91cGxvYWRzXC8yMDI2XC8wNFwvSW1hZ2UtNC5qcGVnIiwic2xpZGVzaG93IjoiZWIwMmNkYiJ9\" href=\"https:\/\/www.leg-uelzen.de\/wp-content\/uploads\/2026\/04\/Image-4.jpeg\"><figure class=\"swiper-slide-inner\"><img decoding=\"async\" class=\"swiper-slide-image\" src=\"https:\/\/www.leg-uelzen.de\/wp-content\/uploads\/2026\/04\/Image-4-150x150.jpeg\" alt=\"Image (4)\" \/><\/figure><\/a><\/div><div class=\"swiper-slide\" role=\"group\" aria-roledescription=\"slide\" aria-label=\"2 von 5\"><a data-elementor-open-lightbox=\"yes\" data-elementor-lightbox-slideshow=\"eb02cdb\" data-elementor-lightbox-title=\"Image (3)\" data-e-action-hash=\"#elementor-action%3Aaction%3Dlightbox%26settings%3DeyJpZCI6NjYwNCwidXJsIjoiaHR0cHM6XC9cL3d3dy5sZWctdWVsemVuLmRlXC93cC1jb250ZW50XC91cGxvYWRzXC8yMDI2XC8wNFwvSW1hZ2UtMy1zY2FsZWQuanBlZyIsInNsaWRlc2hvdyI6ImViMDJjZGIifQ%3D%3D\" href=\"https:\/\/www.leg-uelzen.de\/wp-content\/uploads\/2026\/04\/Image-3-scaled.jpeg\"><figure class=\"swiper-slide-inner\"><img decoding=\"async\" class=\"swiper-slide-image\" src=\"https:\/\/www.leg-uelzen.de\/wp-content\/uploads\/2026\/04\/Image-3-150x150.jpeg\" alt=\"Image (3)\" \/><\/figure><\/a><\/div><div class=\"swiper-slide\" role=\"group\" aria-roledescription=\"slide\" aria-label=\"3 von 5\"><a data-elementor-open-lightbox=\"yes\" data-elementor-lightbox-slideshow=\"eb02cdb\" data-elementor-lightbox-title=\"Image (2)\" data-e-action-hash=\"#elementor-action%3Aaction%3Dlightbox%26settings%3DeyJpZCI6NjYwNSwidXJsIjoiaHR0cHM6XC9cL3d3dy5sZWctdWVsemVuLmRlXC93cC1jb250ZW50XC91cGxvYWRzXC8yMDI2XC8wNFwvSW1hZ2UtMi5qcGVnIiwic2xpZGVzaG93IjoiZWIwMmNkYiJ9\" href=\"https:\/\/www.leg-uelzen.de\/wp-content\/uploads\/2026\/04\/Image-2.jpeg\"><figure class=\"swiper-slide-inner\"><img decoding=\"async\" class=\"swiper-slide-image\" src=\"https:\/\/www.leg-uelzen.de\/wp-content\/uploads\/2026\/04\/Image-2-150x150.jpeg\" alt=\"Image (2)\" \/><\/figure><\/a><\/div><div class=\"swiper-slide\" role=\"group\" aria-roledescription=\"slide\" aria-label=\"4 von 5\"><a data-elementor-open-lightbox=\"yes\" data-elementor-lightbox-slideshow=\"eb02cdb\" data-elementor-lightbox-title=\"Image (1)\" data-e-action-hash=\"#elementor-action%3Aaction%3Dlightbox%26settings%3DeyJpZCI6NjYwNiwidXJsIjoiaHR0cHM6XC9cL3d3dy5sZWctdWVsemVuLmRlXC93cC1jb250ZW50XC91cGxvYWRzXC8yMDI2XC8wNFwvSW1hZ2UtMS5qcGVnIiwic2xpZGVzaG93IjoiZWIwMmNkYiJ9\" href=\"https:\/\/www.leg-uelzen.de\/wp-content\/uploads\/2026\/04\/Image-1.jpeg\"><figure class=\"swiper-slide-inner\"><img decoding=\"async\" class=\"swiper-slide-image\" src=\"https:\/\/www.leg-uelzen.de\/wp-content\/uploads\/2026\/04\/Image-1-150x150.jpeg\" alt=\"Image (1)\" \/><\/figure><\/a><\/div><div class=\"swiper-slide\" role=\"group\" aria-roledescription=\"slide\" aria-label=\"5 von 5\"><a data-elementor-open-lightbox=\"yes\" data-elementor-lightbox-slideshow=\"eb02cdb\" data-elementor-lightbox-title=\"Image\" data-e-action-hash=\"#elementor-action%3Aaction%3Dlightbox%26settings%3DeyJpZCI6NjYwNywidXJsIjoiaHR0cHM6XC9cL3d3dy5sZWctdWVsemVuLmRlXC93cC1jb250ZW50XC91cGxvYWRzXC8yMDI2XC8wNFwvSW1hZ2UuanBlZyIsInNsaWRlc2hvdyI6ImViMDJjZGIifQ%3D%3D\" href=\"https:\/\/www.leg-uelzen.de\/wp-content\/uploads\/2026\/04\/Image.jpeg\"><figure class=\"swiper-slide-inner\"><img decoding=\"async\" class=\"swiper-slide-image\" src=\"https:\/\/www.leg-uelzen.de\/wp-content\/uploads\/2026\/04\/Image-150x150.jpeg\" alt=\"Image\" \/><\/figure><\/a><\/div>\t\t\t<\/div>\n\t\t\t\t\t\t\t\t\t\t\t\t<div class=\"elementor-swiper-button elementor-swiper-button-prev\" role=\"button\" tabindex=\"0\">\n\t\t\t\t\t\t<i aria-hidden=\"true\" class=\"eicon-chevron-left\"><\/i>\t\t\t\t\t<\/div>\n\t\t\t\t\t<div class=\"elementor-swiper-button elementor-swiper-button-next\" role=\"button\" tabindex=\"0\">\n\t\t\t\t\t\t<i aria-hidden=\"true\" class=\"eicon-chevron-right\"><\/i>\t\t\t\t\t<\/div>\n\t\t\t\t\n\t\t\t\t\t\t\t\t\t<div class=\"swiper-pagination\"><\/div>\n\t\t\t\t\t\t\t\t\t<\/div>\n\t\t\t\t\t\t<\/div>\n\t\t\t\t<\/div>\n\t\t\t\t<div class=\"elementor-element elementor-element-bbd9866 elementor-widget elementor-widget-text-editor\" data-id=\"bbd9866\" data-element_type=\"widget\" data-e-type=\"widget\" data-widget_type=\"text-editor.default\">\n\t\t\t\t<div class=\"elementor-widget-container\">\n\t\t\t\t\t\t\t\t\t<p>Am Lessing-Gymnasium werden weitere vielf\u00e4ltige AGs angeboten:<\/p><p>\u00a0<\/p><p>Lego-Robotics<br \/>Informatik<br \/>Schach<br \/>Brettspiele<br \/>Chor<br \/>Orchester<br \/>BigBand<br \/>A Capella<br \/>B\u00fchnenbild<br \/>Fussball<br \/>Rudern<br \/>Klettern<br \/>Yoga<\/p>\t\t\t\t\t\t\t\t<\/div>\n\t\t\t\t<\/div>\n\t\t\t\t\t<\/div>\n\t\t<\/div>\n\t\t\t\t\t<\/div>\n\t\t<\/section>\n\t\t\t\t<\/div>\n\t\t","protected":false},"excerpt":{"rendered":"<p>Arbeitsgemeinschaften am LeG Theater-AG \u201eRuhe hinter der B\u00fchne! Ruhe vor der B\u00fchne! 3 \u2013 2 \u2013 1 \u2013 Los!\u201c\u00a0\u00a0 Sich in verschiedensten Rollen auszuprobieren, den eigenen K\u00f6rper und die Sprache&hellip;<\/p>\n","protected":false},"author":1,"featured_media":0,"parent":606,"menu_order":0,"comment_status":"closed","ping_status":"closed","template":"","meta":{"footnotes":""},"class_list":["post-430","page","type-page","status-publish","hentry"],"_links":{"self":[{"href":"https:\/\/www.leg-uelzen.de\/index.php?rest_route=\/wp\/v2\/pages\/430","targetHints":{"allow":["GET"]}}],"collection":[{"href":"https:\/\/www.leg-uelzen.de\/index.php?rest_route=\/wp\/v2\/pages"}],"about":[{"href":"https:\/\/www.leg-uelzen.de\/index.php?rest_route=\/wp\/v2\/types\/page"}],"author":[{"embeddable":true,"href":"https:\/\/www.leg-uelzen.de\/index.php?rest_route=\/wp\/v2\/users\/1"}],"replies":[{"embeddable":true,"href":"https:\/\/www.leg-uelzen.de\/index.php?rest_route=%2Fwp%2Fv2%2Fcomments&post=430"}],"version-history":[{"count":28,"href":"https:\/\/www.leg-uelzen.de\/index.php?rest_route=\/wp\/v2\/pages\/430\/revisions"}],"predecessor-version":[{"id":6622,"href":"https:\/\/www.leg-uelzen.de\/index.php?rest_route=\/wp\/v2\/pages\/430\/revisions\/6622"}],"up":[{"embeddable":true,"href":"https:\/\/www.leg-uelzen.de\/index.php?rest_route=\/wp\/v2\/pages\/606"}],"wp:attachment":[{"href":"https:\/\/www.leg-uelzen.de\/index.php?rest_route=%2Fwp%2Fv2%2Fmedia&parent=430"}],"curies":[{"name":"wp","href":"https:\/\/api.w.org\/{rel}","templated":true}]}}